{"id":14785,"date":"2020-06-06T17:01:08","date_gmt":"2020-06-06T15:01:08","guid":{"rendered":"https:\/\/www.kiwi-immo.com\/unser-service\/?page_id=14785"},"modified":"2020-06-08T11:59:38","modified_gmt":"2020-06-08T09:59:38","slug":"checkliste","status":"publish","type":"page","link":"https:\/\/kiwi-immo.com\/unser-service\/checkliste\/","title":{"rendered":"Checkliste"},"content":{"rendered":"<section class=\"l-section wpb_row height_full valign_center\" id=\"overview\"><div class=\"l-section-h i-cf\"><div class=\"g-cols vc_row type_default valign_middle\"><div class=\"vc_col-sm-6 wpb_column vc_column_container\"><div class=\"vc_column-inner\"><div class=\"wpb_wrapper\"><div class=\"wpb_text_column\" ><div class=\"wpb_wrapper\"><h1>Kostenfreie Checkliste<br \/>\nf\u00fcr Immobilienverk\u00e4ufer<\/h1>\n<p>Alle Unterlagen, die Sie zum perfekten Immobilienverkauf ben\u00f6tigen.<\/p>\n<\/div><\/div><div class=\"uavc-list-icon uavc-list-icon-wrapper ult-adjust-bottom-margin   \"><ul class=\"uavc-list\"><li><div class=\"uavc-list-content\" id=\"list-icon-wrap-8440\">\n<div class=\"uavc-list-icon  \" data-animation=\"\" data-animation-delay=\"03\" style=\"margin-right:5px;\"><div class=\"ult-just-icon-wrapper  \"><div class=\"align-icon\" style=\"text-align:center;\">\n<div class=\"aio-icon none \"  style=\"color:#333333;font-size:32px;display:inline-block;\">\n\t<i class=\"Defaults-check-square-o\"><\/i>\n<\/div><\/div><\/div>\n<\/div><span  data-ultimate-target='#list-icon-wrap-8440 .uavc-list-desc'  data-responsive-json-new='{\"font-size\":\"\",\"line-height\":\"\"}'  class=\"uavc-list-desc ult-responsive\" style=\"\">passend f\u00fcr alle Immobilien-Typen<\/p>\n<\/span><\/div><\/li><li><div class=\"uavc-list-content\" id=\"list-icon-wrap-1415\">\n<div class=\"uavc-list-icon  \" data-animation=\"\" data-animation-delay=\"03\" style=\"margin-right:5px;\"><div class=\"ult-just-icon-wrapper  \"><div class=\"align-icon\" style=\"text-align:center;\">\n<div class=\"aio-icon none \"  style=\"color:#333333;font-size:32px;display:inline-block;\">\n\t<i class=\"Defaults-check-square-o\"><\/i>\n<\/div><\/div><\/div>\n<\/div><span  data-ultimate-target='#list-icon-wrap-1415 .uavc-list-desc'  data-responsive-json-new='{\"font-size\":\"\",\"line-height\":\"\"}'  class=\"uavc-list-desc ult-responsive\" style=\"\">komplett und vollumf\u00e4nglich<\/p>\n<\/span><\/div><\/li><li><div class=\"uavc-list-content\" id=\"list-icon-wrap-9454\">\n<div class=\"uavc-list-icon  \" data-animation=\"\" data-animation-delay=\"03\" style=\"margin-right:5px;\"><div class=\"ult-just-icon-wrapper  \"><div class=\"align-icon\" style=\"text-align:center;\">\n<div class=\"aio-icon none \"  style=\"color:#333333;font-size:32px;display:inline-block;\">\n\t<i class=\"Defaults-check-square-o\"><\/i>\n<\/div><\/div><\/div>\n<\/div><span  data-ultimate-target='#list-icon-wrap-9454 .uavc-list-desc'  data-responsive-json-new='{\"font-size\":\"\",\"line-height\":\"\"}'  class=\"uavc-list-desc ult-responsive\" style=\"\">unverbindlich und diskret per E-Mail<\/p>\n<\/span><\/div><\/li><\/ul><\/div><div class=\"w-separator size_medium\"><\/div><div class=\"w-popup align_left\"><div class=\"w-btn-wrapper\"><a class=\"w-popup-trigger type_btn w-btn us-btn-style_1\" href=\"javascript:void(0)\"><span class=\"w-btn-label\">Kostenfrei Anfordern<\/span><\/a><\/div><div class=\"w-popup-overlay\" style=\"background:rgba(0,0,0,0.85);\"><\/div><div class=\"w-popup-wrap\"><div class=\"w-popup-box animation_fadeIn without_title\" style=\"width:600px;\"><div class=\"w-popup-box-h\"><div class=\"w-popup-box-content\" style=\"padding:5%;background:var(--color-content-bg);color:var(--color-content-text);\"><p>[grwebform url=&#8220;https:\/\/app.getresponse.com\/view_webform_v2.js?u=GkKvt&amp;webforms_id=38253304&#8243; css=&#8220;on&#8220; center=&#8220;off&#8220; center_margin=&#8220;200&#8243;\/]<\/p>\n<\/div><\/div><\/div><div class=\"w-popup-closer\" style=\"background:var(--color-content-bg);color:var(--color-content-text);\"><\/div><\/div><\/div><div class=\"w-separator size_medium\"><\/div><\/div><\/div><\/div><div class=\"vc_col-sm-6 wpb_column vc_column_container\"><div class=\"vc_column-inner\"><div class=\"wpb_wrapper\"><div class=\"w-popup align_center\"><a class=\"w-popup-trigger type_image\" aria-label=\"Pop-up\" href=\"javascript:void(0)\"><img loading=\"lazy\" decoding=\"async\" width=\"400\" height=\"400\" src=\"https:\/\/kiwi-immo.com\/unser-service\/wp-content\/uploads\/sites\/3\/2020\/06\/LP-Icons-Leverkusen-checkliste.png\" class=\"attachment-full size-full\" alt=\"\" srcset=\"https:\/\/kiwi-immo.com\/unser-service\/wp-content\/uploads\/sites\/3\/2020\/06\/LP-Icons-Leverkusen-checkliste.png 400w, https:\/\/kiwi-immo.com\/unser-service\/wp-content\/uploads\/sites\/3\/2020\/06\/LP-Icons-Leverkusen-checkliste-300x300.png 300w, https:\/\/kiwi-immo.com\/unser-service\/wp-content\/uploads\/sites\/3\/2020\/06\/LP-Icons-Leverkusen-checkliste-150x150.png 150w, https:\/\/kiwi-immo.com\/unser-service\/wp-content\/uploads\/sites\/3\/2020\/06\/LP-Icons-Leverkusen-checkliste-350x350.png 350w, https:\/\/kiwi-immo.com\/unser-service\/wp-content\/uploads\/sites\/3\/2020\/06\/LP-Icons-Leverkusen-checkliste-296x296.png 296w\" sizes=\"auto, (max-width: 400px) 100vw, 400px\" \/><\/a><div class=\"w-popup-overlay\" style=\"background:rgba(0,0,0,0.85);\"><\/div><div class=\"w-popup-wrap\"><div class=\"w-popup-box animation_fadeIn without_title\" style=\"width:600px;\"><div class=\"w-popup-box-h\"><div class=\"w-popup-box-content\" style=\"padding:5%;background:var(--color-content-bg);color:var(--color-content-text);\"><p>[grwebform url=&#8220;https:\/\/app.getresponse.com\/view_webform_v2.js?u=GkKvt&amp;webforms_id=38253304&#8243; css=&#8220;on&#8220; center=&#8220;off&#8220; center_margin=&#8220;200&#8243;\/]<\/p>\n<\/div><\/div><\/div><div class=\"w-popup-closer\" style=\"background:var(--color-content-bg);color:var(--color-content-text);\"><\/div><\/div><\/div><div class=\"w-separator size_small\"><\/div><\/div><\/div><\/div><\/div><\/div><\/section>\n","protected":false},"excerpt":{"rendered":"Kostenfreie Checkliste f\u00fcr Immobilienverk\u00e4ufer Alle Unterlagen, die Sie zum perfekten Immobilienverkauf ben\u00f6tigen. passend f\u00fcr alle Immobilien-Typen komplett und vollumf\u00e4nglich unverbindlich und diskret per E-Mail Kostenfrei Anfordern[grwebform url=\"https:\/\/app.getresponse.com\/view_webform_v2.js?u=GkKvt&amp;webforms_id=38253304\" css=\"on\" center=\"off\" center_margin=\"200\"\/] [grwebform url=\"https:\/\/app.getresponse.com\/view_webform_v2.js?u=GkKvt&amp;webforms_id=38253304\" css=\"on\" center=\"off\" center_margin=\"200\"\/]","protected":false},"author":2,"featured_media":0,"parent":0,"menu_order":0,"comment_status":"closed","ping_status":"closed","template":"","meta":{"footnotes":""},"class_list":["post-14785","page","type-page","status-publish","hentry"],"_links":{"self":[{"href":"https:\/\/kiwi-immo.com\/unser-service\/wp-json\/wp\/v2\/pages\/14785","targetHints":{"allow":["GET"]}}],"collection":[{"href":"https:\/\/kiwi-immo.com\/unser-service\/wp-json\/wp\/v2\/pages"}],"about":[{"href":"https:\/\/kiwi-immo.com\/unser-service\/wp-json\/wp\/v2\/types\/page"}],"author":[{"embeddable":true,"href":"https:\/\/kiwi-immo.com\/unser-service\/wp-json\/wp\/v2\/users\/2"}],"replies":[{"embeddable":true,"href":"https:\/\/kiwi-immo.com\/unser-service\/wp-json\/wp\/v2\/comments?post=14785"}],"version-history":[{"count":5,"href":"https:\/\/kiwi-immo.com\/unser-service\/wp-json\/wp\/v2\/pages\/14785\/revisions"}],"predecessor-version":[{"id":14810,"href":"https:\/\/kiwi-immo.com\/unser-service\/wp-json\/wp\/v2\/pages\/14785\/revisions\/14810"}],"wp:attachment":[{"href":"https:\/\/kiwi-immo.com\/unser-service\/wp-json\/wp\/v2\/media?parent=14785"}],"curies":[{"name":"wp","href":"https:\/\/api.w.org\/{rel}","templated":true}]}}