{"id":14771,"date":"2020-06-04T13:32:25","date_gmt":"2020-06-04T11:32:25","guid":{"rendered":"https:\/\/www.kiwi-immo.com\/unser-service\/?page_id=14771"},"modified":"2021-05-16T20:14:31","modified_gmt":"2021-05-16T18:14:31","slug":"unser-service","status":"publish","type":"page","link":"https:\/\/kiwi-immo.com\/unser-service\/","title":{"rendered":"Unser Service f\u00fcr Sie"},"content":{"rendered":"<section class=\"l-section wpb_row height_full valign_center\"><div class=\"l-section-h i-cf\"><div class=\"g-cols vc_row type_default valign_top\"><div class=\"vc_col-sm-12 wpb_column vc_column_container\"><div class=\"vc_column-inner\"><div class=\"wpb_wrapper\">[vc_custom_heading text=&#8220;Wie k\u00f6nnen wir Ihnen weiterhelfen?&#8220; font_container=&#8220;tag:h1|font_size:5vh|text_align:center&#8220; use_theme_fonts=&#8220;yes&#8220;][vc_custom_heading text=&#8220;Klicken Sie einfach auf die Bilder&#8220; font_container=&#8220;tag:h2|font_size:4vh|text_align:center&#8220; use_theme_fonts=&#8220;yes&#8220;]<div class=\"w-separator size_medium\"><\/div><div class=\"g-cols wpb_row  type_default valign_top vc_inner\"><div class=\"vc_col-sm-2 wpb_column vc_column_container\"><div class=\"vc_column-inner\"><div class=\"wpb_wrapper\"><\/div><\/div><\/div><div class=\"vc_col-sm-4 wpb_column vc_column_container\"><div class=\"vc_column-inner\"><div class=\"wpb_wrapper\"><div class=\"w-image w-popup-trigger type_image align_center\"><a title=\"Verkaufen\" href=\"https:\/\/kiwi-immo.com\/unser-service\/unser-service\/verkaufen\/\" aria-label=\"Link\" class=\"w-image-h\"><img loading=\"lazy\" decoding=\"async\" width=\"400\" height=\"400\" src=\"https:\/\/kiwi-immo.com\/unser-service\/wp-content\/uploads\/sites\/3\/2020\/06\/LP-Icons-Leverkusen-verkaufen.png\" class=\"attachment-full size-full\" alt=\"\" srcset=\"https:\/\/kiwi-immo.com\/unser-service\/wp-content\/uploads\/sites\/3\/2020\/06\/LP-Icons-Leverkusen-verkaufen.png 400w, https:\/\/kiwi-immo.com\/unser-service\/wp-content\/uploads\/sites\/3\/2020\/06\/LP-Icons-Leverkusen-verkaufen-300x300.png 300w, https:\/\/kiwi-immo.com\/unser-service\/wp-content\/uploads\/sites\/3\/2020\/06\/LP-Icons-Leverkusen-verkaufen-150x150.png 150w, https:\/\/kiwi-immo.com\/unser-service\/wp-content\/uploads\/sites\/3\/2020\/06\/LP-Icons-Leverkusen-verkaufen-350x350.png 350w, https:\/\/kiwi-immo.com\/unser-service\/wp-content\/uploads\/sites\/3\/2020\/06\/LP-Icons-Leverkusen-verkaufen-296x296.png 296w\" sizes=\"auto, (max-width: 400px) 100vw, 400px\" \/><\/a><\/div><\/div><\/div><\/div><div class=\"vc_col-sm-4 wpb_column vc_column_container\"><div class=\"vc_column-inner\"><div class=\"wpb_wrapper\"><div class=\"w-popup align_center\"><a class=\"w-popup-trigger type_image\" aria-label=\"Pop-up\" href=\"javascript:void(0)\"><img loading=\"lazy\" decoding=\"async\" width=\"400\" height=\"400\" src=\"https:\/\/kiwi-immo.com\/unser-service\/wp-content\/uploads\/sites\/3\/2020\/06\/LP-Icons-Leverkusen-kaufen.png\" class=\"attachment-full size-full\" alt=\"\" srcset=\"https:\/\/kiwi-immo.com\/unser-service\/wp-content\/uploads\/sites\/3\/2020\/06\/LP-Icons-Leverkusen-kaufen.png 400w, https:\/\/kiwi-immo.com\/unser-service\/wp-content\/uploads\/sites\/3\/2020\/06\/LP-Icons-Leverkusen-kaufen-300x300.png 300w, https:\/\/kiwi-immo.com\/unser-service\/wp-content\/uploads\/sites\/3\/2020\/06\/LP-Icons-Leverkusen-kaufen-150x150.png 150w, https:\/\/kiwi-immo.com\/unser-service\/wp-content\/uploads\/sites\/3\/2020\/06\/LP-Icons-Leverkusen-kaufen-350x350.png 350w, https:\/\/kiwi-immo.com\/unser-service\/wp-content\/uploads\/sites\/3\/2020\/06\/LP-Icons-Leverkusen-kaufen-296x296.png 296w\" sizes=\"auto, (max-width: 400px) 100vw, 400px\" \/><\/a><div class=\"w-popup-overlay\" style=\"background:rgba(0,0,0,0.85);\"><\/div><div class=\"w-popup-wrap\"><div class=\"w-popup-box animation_fadeIn without_title\" style=\"width:600px;\"><div class=\"w-popup-box-h\"><div class=\"w-popup-box-content\" style=\"padding:5%;background:var(--color-content-bg);color:var(--color-content-text);\"><p>[grwebform url=&#8220;https:\/\/app.getresponse.com\/view_webform_v2.js?u=GkKvt&amp;webforms_id=38550504&#8243; css=&#8220;on&#8220; center=&#8220;off&#8220; center_margin=&#8220;200&#8243;\/]<\/p>\n<\/div><\/div><\/div><div class=\"w-popup-closer\" style=\"background:var(--color-content-bg);color:var(--color-content-text);\"><\/div><\/div><\/div><\/div><\/div><\/div><div class=\"vc_col-sm-2 wpb_column vc_column_container\"><div class=\"vc_column-inner\"><div class=\"wpb_wrapper\"><\/div><\/div><\/div><\/div><\/div><\/div><\/div><\/div><\/div><\/section><section class=\"l-section wpb_row height_full valign_center color_alternate\"><div class=\"l-section-h i-cf\"><div class=\"g-cols vc_row type_default valign_top\"><div class=\"vc_col-sm-12 wpb_column vc_column_container\"><div class=\"vc_column-inner\"><div class=\"wpb_wrapper\"><div class=\"wpb_text_column\" ><div class=\"wpb_wrapper\"><h2 style=\"text-align: left;\">KiWi Immobilien &#8211; Ihr Immobilienmakler in Leverkusen &#8211; bekannt aus:<\/h2>\n<\/div><\/div><div class=\"w-separator size_small\"><\/div><div class=\"g-cols wpb_row  type_default valign_top vc_inner\"><div class=\"vc_col-sm-1\/5 wpb_column vc_column_container\"><div class=\"vc_column-inner\"><div class=\"wpb_wrapper\"><div class=\"w-image align_center\"><div class=\"w-image-h\"><img loading=\"lazy\" decoding=\"async\" width=\"300\" height=\"300\" src=\"https:\/\/kiwi-immo.com\/unser-service\/wp-content\/uploads\/sites\/3\/2019\/06\/Provenexpert1-21.png\" class=\"attachment-full size-full\" alt=\"\" srcset=\"https:\/\/kiwi-immo.com\/unser-service\/wp-content\/uploads\/sites\/3\/2019\/06\/Provenexpert1-21.png 300w, https:\/\/kiwi-immo.com\/unser-service\/wp-content\/uploads\/sites\/3\/2019\/06\/Provenexpert1-21-150x150.png 150w, https:\/\/kiwi-immo.com\/unser-service\/wp-content\/uploads\/sites\/3\/2019\/06\/Provenexpert1-21-296x296.png 296w\" sizes=\"auto, (max-width: 300px) 100vw, 300px\" \/><\/div><\/div><\/div><\/div><\/div><div class=\"vc_col-sm-1\/5 wpb_column vc_column_container\"><div class=\"vc_column-inner\"><div class=\"wpb_wrapper\"><div class=\"w-image align_center\"><div class=\"w-image-h\"><img loading=\"lazy\" decoding=\"async\" width=\"300\" height=\"300\" src=\"https:\/\/kiwi-immo.com\/unser-service\/wp-content\/uploads\/sites\/3\/2019\/07\/bekannt-aus-koeln.jpg\" class=\"attachment-full size-full\" alt=\"bekannt-aus-koelner-stadtanzeiger\" srcset=\"https:\/\/kiwi-immo.com\/unser-service\/wp-content\/uploads\/sites\/3\/2019\/07\/bekannt-aus-koeln.jpg 300w, https:\/\/kiwi-immo.com\/unser-service\/wp-content\/uploads\/sites\/3\/2019\/07\/bekannt-aus-koeln-150x150.jpg 150w, https:\/\/kiwi-immo.com\/unser-service\/wp-content\/uploads\/sites\/3\/2019\/07\/bekannt-aus-koeln-296x296.jpg 296w\" sizes=\"auto, (max-width: 300px) 100vw, 300px\" \/><\/div><\/div><\/div><\/div><\/div><div class=\"vc_col-sm-1\/5 wpb_column vc_column_container\"><div class=\"vc_column-inner\"><div class=\"wpb_wrapper\"><div class=\"w-image align_center\"><div class=\"w-image-h\"><img loading=\"lazy\" decoding=\"async\" width=\"300\" height=\"300\" src=\"https:\/\/kiwi-immo.com\/unser-service\/wp-content\/uploads\/sites\/3\/2019\/07\/bekannt-aus-immobilienscout.jpg\" class=\"attachment-full size-full\" alt=\"bekannt-aus-immobilienscout\" srcset=\"https:\/\/kiwi-immo.com\/unser-service\/wp-content\/uploads\/sites\/3\/2019\/07\/bekannt-aus-immobilienscout.jpg 300w, https:\/\/kiwi-immo.com\/unser-service\/wp-content\/uploads\/sites\/3\/2019\/07\/bekannt-aus-immobilienscout-150x150.jpg 150w, https:\/\/kiwi-immo.com\/unser-service\/wp-content\/uploads\/sites\/3\/2019\/07\/bekannt-aus-immobilienscout-296x296.jpg 296w\" sizes=\"auto, (max-width: 300px) 100vw, 300px\" \/><\/div><\/div><\/div><\/div><\/div><div class=\"vc_col-sm-1\/5 wpb_column vc_column_container\"><div class=\"vc_column-inner\"><div class=\"wpb_wrapper\"><div class=\"w-image align_center\"><div class=\"w-image-h\"><img loading=\"lazy\" decoding=\"async\" width=\"300\" height=\"300\" src=\"https:\/\/kiwi-immo.com\/unser-service\/wp-content\/uploads\/sites\/3\/2019\/06\/Immowelt1-21.png\" class=\"attachment-full size-full\" alt=\"\" srcset=\"https:\/\/kiwi-immo.com\/unser-service\/wp-content\/uploads\/sites\/3\/2019\/06\/Immowelt1-21.png 300w, https:\/\/kiwi-immo.com\/unser-service\/wp-content\/uploads\/sites\/3\/2019\/06\/Immowelt1-21-150x150.png 150w, https:\/\/kiwi-immo.com\/unser-service\/wp-content\/uploads\/sites\/3\/2019\/06\/Immowelt1-21-296x296.png 296w\" sizes=\"auto, (max-width: 300px) 100vw, 300px\" \/><\/div><\/div><\/div><\/div><\/div><div class=\"vc_col-sm-1\/5 wpb_column vc_column_container\"><div class=\"vc_column-inner\"><div class=\"wpb_wrapper\"><div class=\"w-image align_center\"><div class=\"w-image-h\"><img loading=\"lazy\" decoding=\"async\" width=\"300\" height=\"300\" src=\"https:\/\/kiwi-immo.com\/unser-service\/wp-content\/uploads\/sites\/3\/2019\/06\/Immonet.png\" class=\"attachment-full size-full\" alt=\"\" srcset=\"https:\/\/kiwi-immo.com\/unser-service\/wp-content\/uploads\/sites\/3\/2019\/06\/Immonet.png 300w, https:\/\/kiwi-immo.com\/unser-service\/wp-content\/uploads\/sites\/3\/2019\/06\/Immonet-150x150.png 150w, https:\/\/kiwi-immo.com\/unser-service\/wp-content\/uploads\/sites\/3\/2019\/06\/Immonet-296x296.png 296w\" sizes=\"auto, (max-width: 300px) 100vw, 300px\" \/><\/div><\/div><\/div><\/div><\/div><\/div><\/div><\/div><\/div><\/div><\/div><\/section><!-- Row Backgrounds --><div class=\"upb_color\" data-bg-override=\"0\" data-bg-color=\"#e2e2e2\" data-fadeout=\"\" data-fadeout-percentage=\"30\" data-parallax-content=\"\" data-parallax-content-sense=\"30\" data-row-effect-mobile-disable=\"true\" data-img-parallax-mobile-disable=\"true\" data-rtl=\"false\"  data-custom-vc-row=\"\"  data-vc=\"6.6.0\"  data-is_old_vc=\"\"  data-theme-support=\"\"   data-overlay=\"false\" data-overlay-color=\"\" data-overlay-pattern=\"\" data-overlay-pattern-opacity=\"\" data-overlay-pattern-size=\"\"    ><\/div><section class=\"l-section wpb_row us_custom_19e6ce76 height_full valign_center\" id=\"reviews\"><div class=\"l-section-h i-cf\"><div class=\"g-cols vc_row type_default valign_top gap-15px\"><style>.g-cols.gap-15px{margin:0 calc(-1.5rem - 15px)}.gap-15px > .vc_column_container {padding:15px}<\/style><div class=\"vc_col-sm-4 wpb_column vc_column_container has-fill animate_afr\" style=\"animation-delay:0.2s\"><div class=\"vc_column-inner us_custom_ab2c6828\"><div class=\"wpb_wrapper\"><div class=\"w-image align_center\"><div class=\"w-image-h\"><img loading=\"lazy\" decoding=\"async\" width=\"209\" height=\"75\" src=\"https:\/\/kiwi-immo.com\/unser-service\/wp-content\/uploads\/sites\/3\/2019\/06\/ProvenExpert.png\" class=\"attachment-full size-full\" alt=\"\" \/><\/div><\/div><div class=\"w-separator size_small\"><\/div><div class=\"wpb_text_column us_custom_9c7cf5eb bewertung-text\" ><div class=\"wpb_wrapper\"><p>Wir danken Herr Kinnen f\u00fcr die hervorragende Zusammenarbeit, er hat durch seine dynamische und kompetente Art \u00fcberzeugt. Seine Erfahrung brachte er ruhig und besonnen mit ein, das Ergebnis ist mehr als zufriedenstellend und jederzeit gerne wieder mit KIWI.<\/p>\n<p><strong>Holger K. \u2013 Eigent\u00fcmer<\/strong><\/p>\n<\/div><\/div><\/div><\/div><\/div><div class=\"vc_col-sm-4 wpb_column vc_column_container has-fill animate_afr\" style=\"animation-delay:0.3s\"><div class=\"vc_column-inner us_custom_9c7c481f\"><div class=\"wpb_wrapper\"><div class=\"w-image align_center\"><div class=\"w-image-h\"><img loading=\"lazy\" decoding=\"async\" width=\"209\" height=\"75\" src=\"https:\/\/kiwi-immo.com\/unser-service\/wp-content\/uploads\/sites\/3\/2019\/06\/ProvenExpert.png\" class=\"attachment-full size-full\" alt=\"\" \/><\/div><\/div><div class=\"w-separator size_small\"><\/div><div class=\"wpb_text_column us_custom_256e4ffe bewertung-text\" ><div class=\"wpb_wrapper\"><p>Herr Kopp fand sehr schnell Kaufinteressenten, mit welchen er dann die Gespr\u00e4che f\u00fchrte.<br \/>\nEs war unsere erste Wohnung die wir verkauften.<br \/>\nBeim n\u00e4chsten Verkauf oder Kauf werden wir gerne auf Herrn Kopp zur\u00fcck kommen.<\/p>\n<p><strong>Olaf L. \u2013 Eigent\u00fcmer<\/strong><\/p>\n<\/div><\/div><div class=\"w-image align_center\"><div class=\"w-image-h\"><img loading=\"lazy\" decoding=\"async\" width=\"150\" height=\"150\" src=\"https:\/\/kiwi-immo.com\/unser-service\/wp-content\/uploads\/sites\/3\/2019\/03\/ProvenExpert-Siegel.png\" class=\"attachment-full size-full\" alt=\"\" \/><\/div><\/div><\/div><\/div><\/div><div class=\"vc_col-sm-4 wpb_column vc_column_container has-fill animate_afr\" style=\"animation-delay:0.4s\"><div class=\"vc_column-inner us_custom_9c7c481f\"><div class=\"wpb_wrapper\"><div class=\"w-image align_center\"><div class=\"w-image-h\"><img loading=\"lazy\" decoding=\"async\" width=\"209\" height=\"75\" src=\"https:\/\/kiwi-immo.com\/unser-service\/wp-content\/uploads\/sites\/3\/2019\/06\/ProvenExpert.png\" class=\"attachment-full size-full\" alt=\"\" \/><\/div><\/div><div class=\"w-separator size_small\"><\/div><div class=\"wpb_text_column us_custom_32b5007b bewertung-text\" ><div class=\"wpb_wrapper\"><p>Kiwi Imobilien ist sehr zu empfelen es ist alles reibungslos und nach unseren vorstellungen abgelaufen zu jeder zeit bekamen wir informationen und schnelle hilfe bei fragen es wurde alles f\u00fcr uns erledigt keine lauferreien wegen papieren usw. Wir konnten uns zu 100% auf unseren Makler verlassen.<\/p>\n<p><strong>Nadine F. \u2013 Eigent\u00fcmer<\/strong><\/p>\n<\/div><\/div><\/div><\/div><\/div><\/div><\/div><\/section><!-- Row Backgrounds --><div class=\"upb_color\" data-bg-override=\"0\" data-bg-color=\"#cdcdcd\" data-fadeout=\"\" data-fadeout-percentage=\"30\" data-parallax-content=\"\" data-parallax-content-sense=\"30\" data-row-effect-mobile-disable=\"true\" data-img-parallax-mobile-disable=\"true\" data-rtl=\"false\"  data-custom-vc-row=\"\"  data-vc=\"6.6.0\"  data-is_old_vc=\"\"  data-theme-support=\"\"   data-overlay=\"false\" data-overlay-color=\"\" data-overlay-pattern=\"\" data-overlay-pattern-opacity=\"\" data-overlay-pattern-size=\"\"     data-hide-row=\" uvc_hidden-md  uvc_hidden-xsl \" ><\/div><section class=\"l-section wpb_row height_full valign_center color_custom\" id=\"ueberuns\"><div class=\"l-section-h i-cf\"><div class=\"g-cols vc_row type_default valign_top\"><div class=\"vc_col-sm-6 wpb_column vc_column_container\"><div class=\"vc_column-inner\"><div class=\"wpb_wrapper\"><div class=\"w-image style_shadow-1 align_left meta_simple\"><div class=\"w-image-h\"><img loading=\"lazy\" decoding=\"async\" width=\"623\" height=\"276\" src=\"https:\/\/kiwi-immo.com\/unser-service\/wp-content\/uploads\/sites\/3\/2019\/07\/2.jpg\" class=\"attachment-us_623_0 size-us_623_0\" alt=\"\" srcset=\"https:\/\/kiwi-immo.com\/unser-service\/wp-content\/uploads\/sites\/3\/2019\/07\/2.jpg 2353w, https:\/\/kiwi-immo.com\/unser-service\/wp-content\/uploads\/sites\/3\/2019\/07\/2-300x133.jpg 300w, https:\/\/kiwi-immo.com\/unser-service\/wp-content\/uploads\/sites\/3\/2019\/07\/2-1024x454.jpg 1024w, https:\/\/kiwi-immo.com\/unser-service\/wp-content\/uploads\/sites\/3\/2019\/07\/2-667x296.jpg 667w\" sizes=\"auto, (max-width: 623px) 100vw, 623px\" \/><\/div><div class=\"w-image-meta\"><div class=\"w-image-title\">KiWi-Immobilien<\/div><\/div><\/div><\/div><\/div><\/div><div class=\"vc_col-sm-6 wpb_column vc_column_container\"><div class=\"vc_column-inner\"><div class=\"wpb_wrapper\"><div class=\"wpb_text_column\" ><div class=\"wpb_wrapper\"><h2>Einfach alles richtig machen!<\/h2>\n<p>Es gibt Immobilien, die werden ewig und drei Tage angeboten, aber niemand kauft sie. Es gibt Verk\u00e4ufer, die opfern viel kostbare Zeit f\u00fcr zahllose Besichtigungen \u2013 ohne Erfolg. Und es gibt K\u00e4ufer, die trotz intensiver M\u00fche nicht die richtige Immobilie finden.<br \/>\nBei uns ist das anders: 89% aller uns anvertrauten Immobilien verkaufen wir in weniger als 7 Wochen. Das hei\u00dft: Wir wissen ganz genau, wie wir die passenden Verk\u00e4ufer und K\u00e4ufer schnell zusammenbringen.<br \/>\nOb Verkauf oder Kauf \u2013 Ihre Ziele stehen f\u00fcr uns im Mittelpunkt. Vertrauen Sie unserer qualifizierten Beratung, dann wird auch Ihr Immobiliengesch\u00e4ft ein voller Erfolg.<br \/>\nDen Erfolg gekonnt vorausplanen ist besser als auf irgendeinen gl\u00fccklichen Zufall zu hoffen \u2013 das ist unsere Devise.<br \/>\nWir arbeiten professionell und verantwortungsbewusst. Mit unserem konsequenten Qualit\u00e4tsanspruch heben wir uns von anderen \u201eDas-machen-wir-mal-eben-Maklern\u201c \u00fcberzeugend ab.<br \/>\nEs geht um Ihr Geld und Ihre Sicherheit. Gehen Sie keine unn\u00f6tigen Risiken ein.<br \/>\nSprechen Sie jetzt mit uns. Wir freuen uns auf Sie.<\/p>\n<p>Herzlichst,<br \/>\nIhr Jan Kinnen<br \/>\nKiWi Immobilien Leverkusen<\/p>\n<\/div><\/div><\/div><\/div><\/div><\/div><\/div><\/section>\n","protected":false},"excerpt":{"rendered":"[vc_custom_heading text=\"Wie k\u00f6nnen wir Ihnen weiterhelfen?\" font_container=\"tag:h1|font_size:5vh|text_align:center\" use_theme_fonts=\"yes\"][vc_custom_heading text=\"Klicken Sie einfach auf die Bilder\" font_container=\"tag:h2|font_size:4vh|text_align:center\" use_theme_fonts=\"yes\"][grwebform url=\"https:\/\/app.getresponse.com\/view_webform_v2.js?u=GkKvt&amp;webforms_id=38550504\" css=\"on\" center=\"off\" center_margin=\"200\"\/] KiWi Immobilien &#8211; Ihr Immobilienmakler in Leverkusen &#8211; bekannt aus: Wir danken Herr Kinnen f\u00fcr die hervorragende Zusammenarbeit, er hat durch seine dynamische und kompetente Art \u00fcberzeugt. Seine Erfahrung brachte er ruhig und besonnen mit...","protected":false},"author":1,"featured_media":0,"parent":0,"menu_order":0,"comment_status":"closed","ping_status":"closed","template":"","meta":{"footnotes":""},"class_list":["post-14771","page","type-page","status-publish","hentry"],"_links":{"self":[{"href":"https:\/\/kiwi-immo.com\/unser-service\/wp-json\/wp\/v2\/pages\/14771","targetHints":{"allow":["GET"]}}],"collection":[{"href":"https:\/\/kiwi-immo.com\/unser-service\/wp-json\/wp\/v2\/pages"}],"about":[{"href":"https:\/\/kiwi-immo.com\/unser-service\/wp-json\/wp\/v2\/types\/page"}],"author":[{"embeddable":true,"href":"https:\/\/kiwi-immo.com\/unser-service\/wp-json\/wp\/v2\/users\/1"}],"replies":[{"embeddable":true,"href":"https:\/\/kiwi-immo.com\/unser-service\/wp-json\/wp\/v2\/comments?post=14771"}],"version-history":[{"count":5,"href":"https:\/\/kiwi-immo.com\/unser-service\/wp-json\/wp\/v2\/pages\/14771\/revisions"}],"predecessor-version":[{"id":14843,"href":"https:\/\/kiwi-immo.com\/unser-service\/wp-json\/wp\/v2\/pages\/14771\/revisions\/14843"}],"wp:attachment":[{"href":"https:\/\/kiwi-immo.com\/unser-service\/wp-json\/wp\/v2\/media?parent=14771"}],"curies":[{"name":"wp","href":"https:\/\/api.w.org\/{rel}","templated":true}]}}