{"id":14635,"date":"2019-07-03T12:01:12","date_gmt":"2019-07-03T10:01:12","guid":{"rendered":"https:\/\/www.kiwi-immo.com\/unser-service\/?page_id=14635"},"modified":"2020-02-15T04:39:05","modified_gmt":"2020-02-15T03:39:05","slug":"immobilie-kaufen","status":"publish","type":"page","link":"https:\/\/kiwi-immo.com\/unser-service\/immobilie-kaufen\/","title":{"rendered":"Immobilie kaufen"},"content":{"rendered":"<section class=\"l-section wpb_row height_full valign_center\" id=\"overview\"><div class=\"l-section-h i-cf\"><div class=\"g-cols vc_row type_default valign_middle\"><div class=\"vc_col-sm-12 wpb_column vc_column_container\"><div class=\"vc_column-inner\"><div class=\"wpb_wrapper\"><div class=\"wpb_text_column\" ><div class=\"wpb_wrapper\"><h1>Kaufen Sie die richtige Immobilie in Leverkusen<\/h1>\n<\/div><\/div><div class=\"g-cols wpb_row  type_default valign_middle vc_inner\"><div class=\"vc_col-sm-6 wpb_column vc_column_container\"><div class=\"vc_column-inner\"><div class=\"wpb_wrapper\"><div class=\"wpb_text_column\" ><div class=\"wpb_wrapper\"><h2>Der Kauf einer Immobilie ist eine der gr\u00f6\u00dften Entscheidungen im Leben. Bereiten Sie sich gut vor, damit Ihr Traum sorgenfrei in Erf\u00fcllung geht.<\/h2>\n<\/div><\/div><div class=\"wpb_text_column\" ><div class=\"wpb_wrapper\"><table width=\"100%\">\n<tbody>\n<tr>\n<td style=\"vertical-align: middle; padding: 0px; border: none;\" width=\"70%\"><i class=\"Defaults-check-square-o\"><\/i> Exklusive Angebote f\u00fcr angemeldete Kunden<\/td>\n<td style=\"vertical-align: middle; padding: 0px; border: none;\"><div class=\"w-popup align_left\"><div class=\"w-btn-wrapper\"><a class=\"w-popup-trigger type_btn w-btn us-btn-style_1\" href=\"javascript:void(0)\"><span class=\"w-btn-label\">VIP-Service<\/span><\/a><\/div><div class=\"w-popup-overlay\" style=\"background:rgba(0,0,0,0.85);\"><\/div><div class=\"w-popup-wrap\"><div class=\"w-popup-box animation_fadeIn without_title\" style=\"width:600px;\"><div class=\"w-popup-box-h\"><div class=\"w-popup-box-content\" style=\"padding:5%;background:var(--color-content-bg);color:var(--color-content-text);\"><p>[grwebform url=&#8220;https:\/\/app.getresponse.com\/view_webform_v2.js?u=GkKvt&amp;webforms_id=38550504&#8243; css=&#8220;on&#8220; center=&#8220;off&#8220; center_margin=&#8220;200&#8243;\/]<\/p>\n<\/div><\/div><\/div><div class=\"w-popup-closer\" style=\"background:var(--color-content-bg);color:var(--color-content-text);\"><\/div><\/div><\/div><\/td>\n<\/tr>\n<tr>\n<td style=\"vertical-align: middle; padding: 0px; border: none;\" width=\"70%\"><i class=\"Defaults-check-square-o\"><\/i> Beispiele unserer verkauften Immobilien<\/td>\n<td style=\"vertical-align: middle; padding: 0px; border: none;\"><div class=\"w-btn-wrapper width_auto align_left\"><a class=\"w-btn us-btn-style_1\" target=\"_blank\" href=\"https:\/\/kiwi-immo.com\/leverkusen\/immobilien-status\/referenz\/\" rel=\"noopener\"><span class=\"w-btn-label\">Referenzen<\/span><\/a><\/div><\/td>\n<\/tr>\n<\/tbody>\n<\/table>\n<\/div><\/div><div class=\"w-separator size_small\"><\/div><\/div><\/div><\/div><div class=\"vc_col-sm-6 wpb_column vc_column_container\"><div class=\"vc_column-inner\"><div class=\"wpb_wrapper\"><div class=\"w-image align_none\"><div class=\"w-image-h\"><img loading=\"lazy\" decoding=\"async\" width=\"800\" height=\"577\" src=\"https:\/\/kiwi-immo.com\/unser-service\/wp-content\/uploads\/sites\/3\/2019\/06\/ex-kaufen.png\" class=\"attachment-full size-full\" alt=\"\" srcset=\"https:\/\/kiwi-immo.com\/unser-service\/wp-content\/uploads\/sites\/3\/2019\/06\/ex-kaufen.png 800w, https:\/\/kiwi-immo.com\/unser-service\/wp-content\/uploads\/sites\/3\/2019\/06\/ex-kaufen-300x216.png 300w, https:\/\/kiwi-immo.com\/unser-service\/wp-content\/uploads\/sites\/3\/2019\/06\/ex-kaufen-410x296.png 410w\" sizes=\"auto, (max-width: 800px) 100vw, 800px\" \/><\/div><\/div><\/div><\/div><\/div><\/div><\/div><\/div><\/div><\/div><\/div><\/section><section class=\"l-section wpb_row us_custom_4fb9e5a3 height_full valign_center\"><div class=\"l-section-h i-cf\"><div class=\"g-cols vc_row type_default valign_top\"><div class=\"vc_col-sm-12 wpb_column vc_column_container\"><div class=\"vc_column-inner\"><div class=\"wpb_wrapper\"><div class=\"wpb_text_column\" ><div class=\"wpb_wrapper\"><h3>Was beim Kauf einer Immobilie zu beachten ist:<\/h3>\n<\/div><\/div><div class=\"w-separator size_medium\"><\/div><div class=\"g-cols wpb_row  type_default valign_top vc_inner\"><div class=\"vc_col-sm-6 wpb_column vc_column_container\"><div class=\"vc_column-inner\"><div class=\"wpb_wrapper\"><div class=\"wpb_text_column\" ><div class=\"wpb_wrapper\"><p><i class=\"Defaults-check-square-o\"><\/i> Liegt eine fundierte Marktpreisermittlung f\u00fcr die Immobilie vor?<\/p>\n<p><i class=\"Defaults-check-square-o\"><\/i> Sind die Bauunterlagen der Immobilie vollst\u00e4ndig?<\/p>\n<p><i class=\"Defaults-check-square-o\"><\/i> Ist ein amtlicher Grundbuchauszug vorhanden?<\/p>\n<p><i class=\"Defaults-check-square-o\"><\/i> Welche Forderungen bestehen aus etwaigen Grundschuldeintragungen?<\/p>\n<p><i class=\"Defaults-check-square-o\"><\/i> Bestehen anderweitige Rechtsanspr\u00fcche bzw. Verpflichtungen?<\/p>\n<p><i class=\"Defaults-check-square-o\"><\/i> Existieren eventuelle Baulasten?<\/p>\n<\/div><\/div><\/div><\/div><\/div><div class=\"vc_col-sm-6 wpb_column vc_column_container\"><div class=\"vc_column-inner\"><div class=\"wpb_wrapper\"><div class=\"wpb_text_column\" ><div class=\"wpb_wrapper\"><p><i class=\"Defaults-check-square-o\"><\/i> Sind die Katasterunterlagen beim Kauf vorhanden?<\/p>\n<p><i class=\"Defaults-check-square-o\"><\/i> Wurde ein aktueller Energieausweis erstellt?<\/p>\n<p><i class=\"Defaults-check-square-o\"><\/i> Stimmen die baulichen Angaben mit dem Objekt \u00fcberein?<\/p>\n<p><i class=\"Defaults-check-square-o\"><\/i> Was muss im \u00dcbergabeprotokoll dokumentiert werden?<\/p>\n<p><i class=\"Defaults-check-square-o\"><\/i> Wie erfolgt die Eigentums\u00fcbertragung und die Kaufpreiszahlung?<\/p>\n<p><i class=\"Defaults-check-square-o\"><\/i> Wer achtet beim Kaufvertrag auf Ihre Anspr\u00fcche und Rechte?<\/p>\n<\/div><\/div><\/div><\/div><\/div><\/div><div class=\"g-cols wpb_row  type_default valign_top vc_inner\"><div class=\"vc_col-sm-6 wpb_column vc_column_container\"><div class=\"vc_column-inner\"><div class=\"wpb_wrapper\"><div class=\"w-separator size_medium\"><\/div>[vc_raw_html]JTVCdXNfcG9wdXAlMjBidG5fbGFiZWwlM0QlMjJWSVAtU2VydmljZSUyMiU1RCU1Qmdyd2ViZm9ybSUyMHVybCUzRCUyMmh0dHBzJTNBJTJGJTJGYXBwLmdldHJlc3BvbnNlLmNvbSUyRnZpZXdfd2ViZm9ybV92Mi5qcyUzRnUlM0RHa0t2dCUyNmFtcCUzQndlYmZvcm1zX2lkJTNEMzg1NTA1MDQlMjIlMjBjc3MlM0QlMjJvbiUyMiUyMGNlbnRlciUzRCUyMm9mZiUyMiUyMGNlbnRlcl9tYXJnaW4lM0QlMjIyMDAlMjIlMkYlNUQlNUIlMkZ1c19wb3B1cCU1RA==[\/vc_raw_html]<\/div><\/div><\/div><div class=\"vc_col-sm-6 wpb_column vc_column_container\"><div class=\"vc_column-inner\"><div class=\"wpb_wrapper\"><\/div><\/div><\/div><\/div><\/div><\/div><\/div><\/div><\/div><\/section><section class=\"l-section wpb_row height_full valign_center color_alternate\"><div class=\"l-section-h i-cf\"><div class=\"g-cols vc_row type_default valign_top\"><div class=\"vc_col-sm-12 wpb_column vc_column_container\"><div class=\"vc_column-inner\"><div class=\"wpb_wrapper\"><div class=\"wpb_text_column\" ><div class=\"wpb_wrapper\"><h2>KiWi Immobilien &#8211; Ihr Immobilienmakler in Leverkusen &#8211; bekannt aus:<\/h2>\n<\/div><\/div><div class=\"w-separator size_small\"><\/div><div class=\"g-cols wpb_row  type_default valign_top vc_inner\"><div class=\"vc_col-sm-1\/5 wpb_column vc_column_container\"><div class=\"vc_column-inner\"><div class=\"wpb_wrapper\"><div class=\"w-image align_center\"><div class=\"w-image-h\"><img loading=\"lazy\" decoding=\"async\" width=\"300\" height=\"300\" src=\"https:\/\/kiwi-immo.com\/unser-service\/wp-content\/uploads\/sites\/3\/2019\/06\/Provenexpert1-21.png\" class=\"attachment-medium size-medium\" alt=\"\" srcset=\"https:\/\/kiwi-immo.com\/unser-service\/wp-content\/uploads\/sites\/3\/2019\/06\/Provenexpert1-21.png 300w, https:\/\/kiwi-immo.com\/unser-service\/wp-content\/uploads\/sites\/3\/2019\/06\/Provenexpert1-21-150x150.png 150w, https:\/\/kiwi-immo.com\/unser-service\/wp-content\/uploads\/sites\/3\/2019\/06\/Provenexpert1-21-296x296.png 296w\" sizes=\"auto, (max-width: 300px) 100vw, 300px\" \/><\/div><\/div><\/div><\/div><\/div><div class=\"vc_col-sm-1\/5 wpb_column vc_column_container\"><div class=\"vc_column-inner\"><div class=\"wpb_wrapper\"><div class=\"w-image align_center\"><div class=\"w-image-h\"><img loading=\"lazy\" decoding=\"async\" width=\"300\" height=\"300\" src=\"https:\/\/kiwi-immo.com\/unser-service\/wp-content\/uploads\/sites\/3\/2019\/07\/bekannt-aus-koeln.jpg\" class=\"attachment-medium size-medium\" alt=\"bekannt-aus-koelner-stadtanzeiger\" srcset=\"https:\/\/kiwi-immo.com\/unser-service\/wp-content\/uploads\/sites\/3\/2019\/07\/bekannt-aus-koeln.jpg 300w, https:\/\/kiwi-immo.com\/unser-service\/wp-content\/uploads\/sites\/3\/2019\/07\/bekannt-aus-koeln-150x150.jpg 150w, https:\/\/kiwi-immo.com\/unser-service\/wp-content\/uploads\/sites\/3\/2019\/07\/bekannt-aus-koeln-296x296.jpg 296w\" sizes=\"auto, (max-width: 300px) 100vw, 300px\" \/><\/div><\/div><\/div><\/div><\/div><div class=\"vc_col-sm-1\/5 wpb_column vc_column_container\"><div class=\"vc_column-inner\"><div class=\"wpb_wrapper\"><div class=\"w-image align_center\"><div class=\"w-image-h\"><img loading=\"lazy\" decoding=\"async\" width=\"300\" height=\"300\" src=\"https:\/\/kiwi-immo.com\/unser-service\/wp-content\/uploads\/sites\/3\/2019\/07\/bekannt-aus-immobilienscout.jpg\" class=\"attachment-medium size-medium\" alt=\"bekannt-aus-immobilienscout\" srcset=\"https:\/\/kiwi-immo.com\/unser-service\/wp-content\/uploads\/sites\/3\/2019\/07\/bekannt-aus-immobilienscout.jpg 300w, https:\/\/kiwi-immo.com\/unser-service\/wp-content\/uploads\/sites\/3\/2019\/07\/bekannt-aus-immobilienscout-150x150.jpg 150w, https:\/\/kiwi-immo.com\/unser-service\/wp-content\/uploads\/sites\/3\/2019\/07\/bekannt-aus-immobilienscout-296x296.jpg 296w\" sizes=\"auto, (max-width: 300px) 100vw, 300px\" \/><\/div><\/div><\/div><\/div><\/div><div class=\"vc_col-sm-1\/5 wpb_column vc_column_container\"><div class=\"vc_column-inner\"><div class=\"wpb_wrapper\"><div class=\"w-image align_center\"><div class=\"w-image-h\"><img loading=\"lazy\" decoding=\"async\" width=\"300\" height=\"300\" src=\"https:\/\/kiwi-immo.com\/unser-service\/wp-content\/uploads\/sites\/3\/2019\/06\/Immowelt1-21.png\" class=\"attachment-medium size-medium\" alt=\"\" srcset=\"https:\/\/kiwi-immo.com\/unser-service\/wp-content\/uploads\/sites\/3\/2019\/06\/Immowelt1-21.png 300w, https:\/\/kiwi-immo.com\/unser-service\/wp-content\/uploads\/sites\/3\/2019\/06\/Immowelt1-21-150x150.png 150w, https:\/\/kiwi-immo.com\/unser-service\/wp-content\/uploads\/sites\/3\/2019\/06\/Immowelt1-21-296x296.png 296w\" sizes=\"auto, (max-width: 300px) 100vw, 300px\" \/><\/div><\/div><\/div><\/div><\/div><div class=\"vc_col-sm-1\/5 wpb_column vc_column_container\"><div class=\"vc_column-inner\"><div class=\"wpb_wrapper\"><div class=\"w-image align_center\"><div class=\"w-image-h\"><img loading=\"lazy\" decoding=\"async\" width=\"300\" height=\"300\" src=\"https:\/\/kiwi-immo.com\/unser-service\/wp-content\/uploads\/sites\/3\/2019\/06\/Immonet.png\" class=\"attachment-medium size-medium\" alt=\"\" srcset=\"https:\/\/kiwi-immo.com\/unser-service\/wp-content\/uploads\/sites\/3\/2019\/06\/Immonet.png 300w, https:\/\/kiwi-immo.com\/unser-service\/wp-content\/uploads\/sites\/3\/2019\/06\/Immonet-150x150.png 150w, https:\/\/kiwi-immo.com\/unser-service\/wp-content\/uploads\/sites\/3\/2019\/06\/Immonet-296x296.png 296w\" sizes=\"auto, (max-width: 300px) 100vw, 300px\" \/><\/div><\/div><\/div><\/div><\/div><\/div><\/div><\/div><\/div><\/div><\/div><\/section><section class=\"l-section wpb_row height_full valign_center with_img parallax_ver parallaxdir_reversed\" id=\"reviews\"><div class=\"l-section-img\" style=\"background-image: url(https:\/\/kiwi-immo.com\/unser-service\/wp-content\/uploads\/sites\/3\/2019\/03\/Kunden-sind-begeistert.jpg);background-repeat: no-repeat;\" data-img-width=\"1920\" data-img-height=\"1080\"><\/div><div class=\"l-section-h i-cf\"><div class=\"g-cols vc_row type_default valign_top gap-15px\"><style>.g-cols.gap-15px{margin:0 calc(-1.5rem - 15px)}.gap-15px > .vc_column_container {padding:15px}<\/style><div class=\"vc_col-sm-4 wpb_column vc_column_container has-fill animate_afr\" style=\"animation-delay:0.2s\"><div class=\"vc_column-inner us_custom_9091ff54\"><div class=\"wpb_wrapper\"><div class=\"w-image align_center\"><div class=\"w-image-h\"><img loading=\"lazy\" decoding=\"async\" width=\"209\" height=\"75\" src=\"https:\/\/kiwi-immo.com\/unser-service\/wp-content\/uploads\/sites\/3\/2019\/06\/ProvenExpert.png\" class=\"attachment-large size-large\" alt=\"\" \/><\/div><\/div><div class=\"w-separator size_small\"><\/div><div class=\"wpb_text_column us_custom_0f8f44b7 bewertung-text\" ><div class=\"wpb_wrapper\"><p>Wir danken Herr Kinnen f\u00fcr die hervorragende Zusammenarbeit, er hat durch seine dynamische und kompetente Art \u00fcberzeugt. Seine Erfahrung brachte er ruhig und besonnen mit ein, das Ergebnis ist mehr als zufriedenstellend und jederzeit gerne wieder mit KIWI.<\/p>\n<p><b>Holger K. \u2013 Eigent\u00fcmer<\/b><\/p>\n<\/div><\/div><\/div><\/div><\/div><div class=\"vc_col-sm-4 wpb_column vc_column_container has-fill animate_afr\" style=\"animation-delay:0.3s\"><div class=\"vc_column-inner us_custom_9091ff54\"><div class=\"wpb_wrapper\"><div class=\"w-image align_center\"><div class=\"w-image-h\"><img loading=\"lazy\" decoding=\"async\" width=\"209\" height=\"75\" src=\"https:\/\/kiwi-immo.com\/unser-service\/wp-content\/uploads\/sites\/3\/2019\/06\/ProvenExpert.png\" class=\"attachment-large size-large\" alt=\"\" \/><\/div><\/div><div class=\"w-separator size_small\"><\/div><div class=\"wpb_text_column us_custom_0f8f44b7 bewertung-text\" ><div class=\"wpb_wrapper\"><p>Herr Kopp fand sehr schnell Kaufinteressenten, mit welchen er dann die Gespr\u00e4che f\u00fchrte.<br \/>\nEs war unsere erste Wohnung die wir verkauften.<br \/>\nBeim n\u00e4chsten Verkauf oder Kauf werden wir gerne auf Herrn Kopp zur\u00fcck kommen.<\/p>\n<p><b>Olaf L. \u2013 Eigent\u00fcmer<\/b><\/p>\n<\/div><\/div><div class=\"w-image align_center\"><div class=\"w-image-h\"><img loading=\"lazy\" decoding=\"async\" width=\"150\" height=\"150\" src=\"https:\/\/kiwi-immo.com\/unser-service\/wp-content\/uploads\/sites\/3\/2019\/03\/ProvenExpert-Siegel.png\" class=\"attachment-large size-large\" alt=\"\" \/><\/div><\/div><\/div><\/div><\/div><div class=\"vc_col-sm-4 wpb_column vc_column_container has-fill animate_afr\" style=\"animation-delay:0.4s\"><div class=\"vc_column-inner us_custom_9091ff54\"><div class=\"wpb_wrapper\"><div class=\"w-image align_center\"><div class=\"w-image-h\"><img loading=\"lazy\" decoding=\"async\" width=\"209\" height=\"75\" src=\"https:\/\/kiwi-immo.com\/unser-service\/wp-content\/uploads\/sites\/3\/2019\/06\/ProvenExpert.png\" class=\"attachment-large size-large\" alt=\"\" \/><\/div><\/div><div class=\"w-separator size_small\"><\/div><div class=\"wpb_text_column us_custom_0f8f44b7 bewertung-text\" ><div class=\"wpb_wrapper\"><p>Kiwi Imobilien ist sehr zu empfelen es ist alles reibungslos und nach unseren vorstellungen abgelaufen zu jeder zeit bekamen wir informationen und schnelle hilfe bei fragen es wurde alles f\u00fcr uns erledigt keine lauferreien wegen papieren usw. Wir konnten uns zu 100% auf unseren Makler verlassen.<\/p>\n<p><b>Nadine F. \u2013 Eigent\u00fcmer<\/b><\/p>\n<\/div><\/div><\/div><\/div><\/div><\/div><\/div><\/section><section class=\"l-section wpb_row us_custom_4fb9e5a3 height_full valign_center\" id=\"ueberuns\"><div class=\"l-section-h i-cf\"><div class=\"g-cols vc_row type_default valign_top\"><div class=\"vc_col-sm-6 wpb_column vc_column_container\"><div class=\"vc_column-inner\"><div class=\"wpb_wrapper\"><div class=\"w-image style_shadow-1 align_left meta_simple\"><div class=\"w-image-h\"><img loading=\"lazy\" decoding=\"async\" width=\"2353\" height=\"1044\" src=\"https:\/\/kiwi-immo.com\/unser-service\/wp-content\/uploads\/sites\/3\/2019\/07\/2.jpg\" class=\"attachment-full size-full\" alt=\"\" srcset=\"https:\/\/kiwi-immo.com\/unser-service\/wp-content\/uploads\/sites\/3\/2019\/07\/2.jpg 2353w, https:\/\/kiwi-immo.com\/unser-service\/wp-content\/uploads\/sites\/3\/2019\/07\/2-300x133.jpg 300w, https:\/\/kiwi-immo.com\/unser-service\/wp-content\/uploads\/sites\/3\/2019\/07\/2-1024x454.jpg 1024w, https:\/\/kiwi-immo.com\/unser-service\/wp-content\/uploads\/sites\/3\/2019\/07\/2-667x296.jpg 667w\" sizes=\"auto, (max-width: 2353px) 100vw, 2353px\" \/><\/div><div class=\"w-image-meta\"><div class=\"w-image-title\">KiWi-Immobilien<\/div><\/div><\/div><\/div><\/div><\/div><div class=\"vc_col-sm-6 wpb_column vc_column_container\"><div class=\"vc_column-inner\"><div class=\"wpb_wrapper\"><div class=\"wpb_text_column\" ><div class=\"wpb_wrapper\"><h2>Einfach alles richtig machen!<\/h2>\n<p>Es gibt Immobilien, die werden ewig und drei Tage angeboten aber nicht verkauft. Bei uns ist das anders: F\u00fcr 89% aller uns anvertrauten Immobilien finden wir in weniger als sieben Wochen einen gl\u00fccklichen K\u00e4ufer. Das bedeutet: Immobilien, die wir anbieten, sind gefragt und ihr Geld wert. Wenn Sie eine Immobilie in Leverkusen kaufen m\u00f6chten, stehen Ihre Ziele f\u00fcr uns im Mittelpunkt. Vertrauen Sie unserer qualifizierten Beratung, dann wird auch Ihr Immobilienkauf ein voller Erfolg.<\/p>\n<p>Wir arbeiten professionell und verantwortungsbewusst. Mit unserem konsequenten Qualit\u00e4tsanspruch heben wir uns von anderen \u201eDas-machen-wir-mal-eben-Maklern\u201c \u00fcberzeugend ab. Es geht um Ihr Geld und Ihre Sicherheit. Wir sch\u00fctzen Sie vor Risiken, die Sie heute noch nicht kennen. Sprechen Sie jetzt mit uns. Wir freuen uns auf Sie.<\/p>\n<p>Herzlich,<br \/>\nIhr Jan Kinnen<br \/>\nKiWi Immobilien Leverkusen<\/p>\n<\/div><\/div><div class=\"w-scroller style_3 pos_right\" aria-hidden=\"true\" data-speed=\"700\" data-disablewidth=\"767\"><div class=\"w-scroller-dots\"><a href=\"javascript:void(0);\" tabindex=\"-1\" class=\"w-scroller-dot\"><span style=\"font-size:10px;\"><\/span><\/a><\/div><\/div><\/div><\/div><\/div><\/div><\/div><\/section>\n","protected":false},"excerpt":{"rendered":"Kaufen Sie die richtige Immobilie in Leverkusen Der Kauf einer Immobilie ist eine der gr\u00f6\u00dften Entscheidungen im Leben. Bereiten Sie sich gut vor, damit Ihr Traum sorgenfrei in Erf\u00fcllung geht. Exklusive Angebote f\u00fcr angemeldete Kunden VIP-Service[grwebform url=&#8220;https:\/\/app.getresponse.com\/view_webform_v2.js?u=GkKvt&amp;webforms_id=38550504&#8243; css=&#8220;on&#8220; center=&#8220;off&#8220; center_margin=&#8220;200&#8243;\/] Beispiele unserer verkauften Immobilien Referenzen Was beim Kauf einer Immobilie zu beachten ist: Liegt eine...","protected":false},"author":1,"featured_media":0,"parent":0,"menu_order":0,"comment_status":"closed","ping_status":"closed","template":"","meta":{"footnotes":""},"class_list":["post-14635","page","type-page","status-publish","hentry"],"_links":{"self":[{"href":"https:\/\/kiwi-immo.com\/unser-service\/wp-json\/wp\/v2\/pages\/14635","targetHints":{"allow":["GET"]}}],"collection":[{"href":"https:\/\/kiwi-immo.com\/unser-service\/wp-json\/wp\/v2\/pages"}],"about":[{"href":"https:\/\/kiwi-immo.com\/unser-service\/wp-json\/wp\/v2\/types\/page"}],"author":[{"embeddable":true,"href":"https:\/\/kiwi-immo.com\/unser-service\/wp-json\/wp\/v2\/users\/1"}],"replies":[{"embeddable":true,"href":"https:\/\/kiwi-immo.com\/unser-service\/wp-json\/wp\/v2\/comments?post=14635"}],"version-history":[{"count":11,"href":"https:\/\/kiwi-immo.com\/unser-service\/wp-json\/wp\/v2\/pages\/14635\/revisions"}],"predecessor-version":[{"id":14755,"href":"https:\/\/kiwi-immo.com\/unser-service\/wp-json\/wp\/v2\/pages\/14635\/revisions\/14755"}],"wp:attachment":[{"href":"https:\/\/kiwi-immo.com\/unser-service\/wp-json\/wp\/v2\/media?parent=14635"}],"curies":[{"name":"wp","href":"https:\/\/api.w.org\/{rel}","templated":true}]}}