{"id":14633,"date":"2019-07-03T11:59:22","date_gmt":"2019-07-03T09:59:22","guid":{"rendered":"https:\/\/www.kiwi-immo.com\/unser-service\/?page_id=14633"},"modified":"2023-10-10T07:21:37","modified_gmt":"2023-10-10T05:21:37","slug":"immobilie-bewerten","status":"publish","type":"page","link":"https:\/\/kiwi-immo.com\/unser-service\/immobilie-bewerten\/","title":{"rendered":"Immobilie bewerten"},"content":{"rendered":"<section class=\"l-section wpb_row height_full valign_center\" id=\"overview\"><div class=\"l-section-h i-cf\"><div class=\"g-cols vc_row type_default valign_middle\"><div class=\"vc_col-sm-12 wpb_column vc_column_container\"><div class=\"vc_column-inner\"><div class=\"wpb_wrapper\"><div class=\"wpb_text_column\" ><div class=\"wpb_wrapper\"><h1>Ihre Immobilie braucht den richtigen Preis<\/h1>\n<\/div><\/div><div class=\"g-cols wpb_row  type_default valign_middle vc_inner\"><div class=\"vc_col-sm-6 wpb_column vc_column_container\"><div class=\"vc_column-inner\"><div class=\"wpb_wrapper\"><div class=\"wpb_text_column\" ><div class=\"wpb_wrapper\"><p>Der Kaufpreis Ihrer Immobilie h\u00e4ngt von vielen Faktoren ab. Wir sind mit dem Immobilienmarkt in Leverkusen und dem Umland bestens vertraut und kennen alle aktuellen Trends. Profitieren auch Sie von unserem Know How. Unsere Immobilienbewertung errechnet f\u00fcr Sie den optimalen Angebotspreis Ihrer Immobilie. Probieren Sie es einfach aus.<\/p>\n<\/div><\/div><div class=\"wpb_text_column\" ><div class=\"wpb_wrapper\"><table width=\"100%\">\n<tbody>\n<tr>\n<td style=\"vertical-align: middle; padding: 0px; padding-bottom: 10px; padding-top: 15px; border: none;\"><i class=\"Defaults-check-square-o\"><\/i> F\u00fcr den richtigen Angebotspreis, von Anfang an<\/td>\n<td><div class=\"w-popup align_left\"><div class=\"w-btn-wrapper\"><a class=\"w-popup-trigger type_btn w-btn us-btn-style_1\" href=\"javascript:void(0)\"><span class=\"w-btn-label\">Bewertung<\/span><\/a><\/div><div class=\"w-popup-overlay\" style=\"background:rgba(0,0,0,0.85);\"><\/div><div class=\"w-popup-wrap\"><div class=\"w-popup-box animation_fadeIn without_title\" style=\"width:90vw;\"><div class=\"w-popup-box-h\"><div class=\"w-popup-box-content\" style=\"padding:5%;background:var(--color-content-bg);color:var(--color-content-text);\"><\/p>\n<table border=\"0\" width=\"100%\">\n<tbody>\n<tr>\n<td style=\"vertical-align: middle; text-align: center; padding: 0px; border: none;\"><iframe id=\"iwa-widget-iframe\" style=\"width: 802px; height: 554px; transform: scale(1); transform-origin: 0px 0px 0px;\" src=\"https:\/\/www.immobilien-schnellbewertung.de\/iwalead\/plugin\/bewertung.php?iframe=1&amp;id=EUN743!RJ26*YZM856!BM83$\" frameborder=\"0\"><\/iframe><\/td>\n<\/tr>\n<\/tbody>\n<\/table>\n<p>\n<\/div><\/div><\/div><div class=\"w-popup-closer\" style=\"background:var(--color-content-bg);color:var(--color-content-text);\"><\/div><\/div><\/div><\/td>\n<\/tr>\n<\/tbody>\n<\/table>\n<\/div><\/div><div class=\"wpb_text_column\" ><div class=\"wpb_wrapper\"><p>Sie w\u00fcnschen sich beim Verkauf Ihrer Immobilie den Rundum-Sorglos-Service von einem zuverl\u00e4ssigen Immobilienmakler in Leverkusen? Dann wechseln Sie zum <strong>PROFI-VERKAUF<\/strong>. Wir holen wir das Beste f\u00fcr Sie heraus und sch\u00fctzen Sie vor Risiken, die Sie heute noch gar nicht kennen.<\/p>\n<\/div><\/div><div class=\"w-btn-wrapper width_auto align_left\"><a class=\"w-btn us-btn-style_1\" title=\"Profi Verkauf\" href=\"https:\/\/kiwi-immo.com\/unser-service\/profi-verkauf\/\"><span class=\"w-btn-label\">Profi-Verkauf<\/span><\/a><\/div><\/div><\/div><\/div><div class=\"vc_col-sm-6 wpb_column vc_column_container\"><div class=\"vc_column-inner\"><div class=\"wpb_wrapper\"><div class=\"w-image align_none\"><div class=\"w-image-h\"><img loading=\"lazy\" decoding=\"async\" width=\"800\" height=\"577\" src=\"https:\/\/kiwi-immo.com\/unser-service\/wp-content\/uploads\/sites\/3\/2019\/06\/ex-marktwert.png\" class=\"attachment-full size-full\" alt=\"\" srcset=\"https:\/\/kiwi-immo.com\/unser-service\/wp-content\/uploads\/sites\/3\/2019\/06\/ex-marktwert.png 800w, https:\/\/kiwi-immo.com\/unser-service\/wp-content\/uploads\/sites\/3\/2019\/06\/ex-marktwert-300x216.png 300w, https:\/\/kiwi-immo.com\/unser-service\/wp-content\/uploads\/sites\/3\/2019\/06\/ex-marktwert-410x296.png 410w\" sizes=\"auto, (max-width: 800px) 100vw, 800px\" \/><\/div><\/div><\/div><\/div><\/div><\/div><\/div><\/div><\/div><\/div><\/div><\/section><section class=\"l-section wpb_row height_full valign_center color_alternate\"><div class=\"l-section-h i-cf\"><div class=\"g-cols vc_row type_default valign_top\"><div class=\"vc_col-sm-12 wpb_column vc_column_container\"><div class=\"vc_column-inner\"><div class=\"wpb_wrapper\"><div class=\"wpb_text_column\" ><div class=\"wpb_wrapper\"><h2>KiWi Immobilien &#8211; Ihr Immobilienmakler in Leverkusen &#8211; bekannt aus:<\/h2>\n<\/div><\/div><div class=\"w-separator size_small\"><\/div><div class=\"g-cols wpb_row  type_default valign_top vc_inner\"><div class=\"vc_col-sm-1\/5 wpb_column vc_column_container\"><div class=\"vc_column-inner\"><div class=\"wpb_wrapper\"><div class=\"w-image align_center\"><div class=\"w-image-h\"><img loading=\"lazy\" decoding=\"async\" width=\"300\" height=\"300\" src=\"https:\/\/kiwi-immo.com\/unser-service\/wp-content\/uploads\/sites\/3\/2019\/06\/Provenexpert1-21.png\" class=\"attachment-medium size-medium\" alt=\"\" srcset=\"https:\/\/kiwi-immo.com\/unser-service\/wp-content\/uploads\/sites\/3\/2019\/06\/Provenexpert1-21.png 300w, https:\/\/kiwi-immo.com\/unser-service\/wp-content\/uploads\/sites\/3\/2019\/06\/Provenexpert1-21-150x150.png 150w, https:\/\/kiwi-immo.com\/unser-service\/wp-content\/uploads\/sites\/3\/2019\/06\/Provenexpert1-21-296x296.png 296w\" sizes=\"auto, (max-width: 300px) 100vw, 300px\" \/><\/div><\/div><\/div><\/div><\/div><div class=\"vc_col-sm-1\/5 wpb_column vc_column_container\"><div class=\"vc_column-inner\"><div class=\"wpb_wrapper\"><div class=\"w-image align_center\"><div class=\"w-image-h\"><img loading=\"lazy\" decoding=\"async\" width=\"300\" height=\"300\" src=\"https:\/\/kiwi-immo.com\/unser-service\/wp-content\/uploads\/sites\/3\/2019\/07\/bekannt-aus-koeln.jpg\" class=\"attachment-medium size-medium\" alt=\"bekannt-aus-koelner-stadtanzeiger\" srcset=\"https:\/\/kiwi-immo.com\/unser-service\/wp-content\/uploads\/sites\/3\/2019\/07\/bekannt-aus-koeln.jpg 300w, https:\/\/kiwi-immo.com\/unser-service\/wp-content\/uploads\/sites\/3\/2019\/07\/bekannt-aus-koeln-150x150.jpg 150w, https:\/\/kiwi-immo.com\/unser-service\/wp-content\/uploads\/sites\/3\/2019\/07\/bekannt-aus-koeln-296x296.jpg 296w\" sizes=\"auto, (max-width: 300px) 100vw, 300px\" \/><\/div><\/div><\/div><\/div><\/div><div class=\"vc_col-sm-1\/5 wpb_column vc_column_container\"><div class=\"vc_column-inner\"><div class=\"wpb_wrapper\"><div class=\"w-image align_center\"><div class=\"w-image-h\"><img loading=\"lazy\" decoding=\"async\" width=\"300\" height=\"300\" src=\"https:\/\/kiwi-immo.com\/unser-service\/wp-content\/uploads\/sites\/3\/2019\/07\/bekannt-aus-immobilienscout.jpg\" class=\"attachment-medium size-medium\" alt=\"bekannt-aus-immobilienscout\" srcset=\"https:\/\/kiwi-immo.com\/unser-service\/wp-content\/uploads\/sites\/3\/2019\/07\/bekannt-aus-immobilienscout.jpg 300w, https:\/\/kiwi-immo.com\/unser-service\/wp-content\/uploads\/sites\/3\/2019\/07\/bekannt-aus-immobilienscout-150x150.jpg 150w, https:\/\/kiwi-immo.com\/unser-service\/wp-content\/uploads\/sites\/3\/2019\/07\/bekannt-aus-immobilienscout-296x296.jpg 296w\" sizes=\"auto, (max-width: 300px) 100vw, 300px\" \/><\/div><\/div><\/div><\/div><\/div><div class=\"vc_col-sm-1\/5 wpb_column vc_column_container\"><div class=\"vc_column-inner\"><div class=\"wpb_wrapper\"><div class=\"w-image align_center\"><div class=\"w-image-h\"><img loading=\"lazy\" decoding=\"async\" width=\"300\" height=\"300\" src=\"https:\/\/kiwi-immo.com\/unser-service\/wp-content\/uploads\/sites\/3\/2019\/06\/Immowelt1-21.png\" class=\"attachment-medium size-medium\" alt=\"\" srcset=\"https:\/\/kiwi-immo.com\/unser-service\/wp-content\/uploads\/sites\/3\/2019\/06\/Immowelt1-21.png 300w, https:\/\/kiwi-immo.com\/unser-service\/wp-content\/uploads\/sites\/3\/2019\/06\/Immowelt1-21-150x150.png 150w, https:\/\/kiwi-immo.com\/unser-service\/wp-content\/uploads\/sites\/3\/2019\/06\/Immowelt1-21-296x296.png 296w\" sizes=\"auto, (max-width: 300px) 100vw, 300px\" \/><\/div><\/div><\/div><\/div><\/div><div class=\"vc_col-sm-1\/5 wpb_column vc_column_container\"><div class=\"vc_column-inner\"><div class=\"wpb_wrapper\"><div class=\"w-image align_center\"><div class=\"w-image-h\"><img loading=\"lazy\" decoding=\"async\" width=\"300\" height=\"300\" src=\"https:\/\/kiwi-immo.com\/unser-service\/wp-content\/uploads\/sites\/3\/2019\/06\/Immonet.png\" class=\"attachment-medium size-medium\" alt=\"\" srcset=\"https:\/\/kiwi-immo.com\/unser-service\/wp-content\/uploads\/sites\/3\/2019\/06\/Immonet.png 300w, https:\/\/kiwi-immo.com\/unser-service\/wp-content\/uploads\/sites\/3\/2019\/06\/Immonet-150x150.png 150w, https:\/\/kiwi-immo.com\/unser-service\/wp-content\/uploads\/sites\/3\/2019\/06\/Immonet-296x296.png 296w\" sizes=\"auto, (max-width: 300px) 100vw, 300px\" \/><\/div><\/div><\/div><\/div><\/div><\/div><\/div><\/div><\/div><\/div><\/div><\/section><section class=\"l-section wpb_row height_full valign_center with_img parallax_ver parallaxdir_reversed\" id=\"reviews\"><div class=\"l-section-img\" style=\"background-image: url(https:\/\/kiwi-immo.com\/unser-service\/wp-content\/uploads\/sites\/3\/2019\/03\/Kunden-sind-begeistert.jpg);background-repeat: no-repeat;\" data-img-width=\"1920\" data-img-height=\"1080\"><\/div><div class=\"l-section-h i-cf\"><div class=\"g-cols vc_row type_default valign_top gap-15px\"><style>.g-cols.gap-15px{margin:0 calc(-1.5rem - 15px)}.gap-15px > .vc_column_container {padding:15px}<\/style><div class=\"vc_col-sm-4 wpb_column vc_column_container has-fill animate_afr\" style=\"animation-delay:0.2s\"><div class=\"vc_column-inner us_custom_bc492f21\"><div class=\"wpb_wrapper\"><div class=\"w-image align_center\"><div class=\"w-image-h\"><img loading=\"lazy\" decoding=\"async\" width=\"209\" height=\"75\" src=\"https:\/\/kiwi-immo.com\/unser-service\/wp-content\/uploads\/sites\/3\/2019\/06\/ProvenExpert.png\" class=\"attachment-large size-large\" alt=\"\" \/><\/div><\/div><div class=\"w-separator size_small\"><\/div><div class=\"wpb_text_column us_custom_0f8f44b7 bewertung-text\" ><div class=\"wpb_wrapper\"><p>Wir danken Herr Kinnen f\u00fcr die hervorragende Zusammenarbeit, er hat durch seine dynamische und kompetente Art \u00fcberzeugt. Seine Erfahrung brachte er ruhig und besonnen mit ein, das Ergebnis ist mehr als zufriedenstellend und jederzeit gerne wieder mit KIWI.<\/p>\n<p><b>Holger K. \u2013 Eigent\u00fcmer<\/b><\/p>\n<\/div><\/div><\/div><\/div><\/div><div class=\"vc_col-sm-4 wpb_column vc_column_container has-fill animate_afr\" style=\"animation-delay:0.3s\"><div class=\"vc_column-inner us_custom_9091ff54\"><div class=\"wpb_wrapper\"><div class=\"w-image align_center\"><div class=\"w-image-h\"><img loading=\"lazy\" decoding=\"async\" width=\"209\" height=\"75\" src=\"https:\/\/kiwi-immo.com\/unser-service\/wp-content\/uploads\/sites\/3\/2019\/06\/ProvenExpert.png\" class=\"attachment-large size-large\" alt=\"\" \/><\/div><\/div><div class=\"w-separator size_small\"><\/div><div class=\"wpb_text_column us_custom_0f8f44b7 bewertung-text\" ><div class=\"wpb_wrapper\"><p>Herr Kopp fand sehr schnell Kaufinteressenten, mit welchen er dann die Gespr\u00e4che f\u00fchrte.<br \/>\nEs war unsere erste Wohnung die wir verkauften.<br \/>\nBeim n\u00e4chsten Verkauf oder Kauf werden wir gerne auf Herrn Kopp zur\u00fcck kommen.<\/p>\n<p><b>Olaf L. \u2013 Eigent\u00fcmer<\/b><\/p>\n<\/div><\/div><div class=\"w-image align_center\"><div class=\"w-image-h\"><img loading=\"lazy\" decoding=\"async\" width=\"150\" height=\"150\" src=\"https:\/\/kiwi-immo.com\/unser-service\/wp-content\/uploads\/sites\/3\/2019\/03\/ProvenExpert-Siegel.png\" class=\"attachment-large size-large\" alt=\"\" \/><\/div><\/div><\/div><\/div><\/div><div class=\"vc_col-sm-4 wpb_column vc_column_container has-fill animate_afr\" style=\"animation-delay:0.4s\"><div class=\"vc_column-inner us_custom_9091ff54\"><div class=\"wpb_wrapper\"><div class=\"w-image align_center\"><div class=\"w-image-h\"><img loading=\"lazy\" decoding=\"async\" width=\"209\" height=\"75\" src=\"https:\/\/kiwi-immo.com\/unser-service\/wp-content\/uploads\/sites\/3\/2019\/06\/ProvenExpert.png\" class=\"attachment-large size-large\" alt=\"\" \/><\/div><\/div><div class=\"w-separator size_small\"><\/div><div class=\"wpb_text_column us_custom_0f8f44b7 bewertung-text\" ><div class=\"wpb_wrapper\"><p>Kiwi Imobilien ist sehr zu empfelen es ist alles reibungslos und nach unseren vorstellungen abgelaufen zu jeder zeit bekamen wir informationen und schnelle hilfe bei fragen es wurde alles f\u00fcr uns erledigt keine lauferreien wegen papieren usw. Wir konnten uns zu 100% auf unseren Makler verlassen.<\/p>\n<p><b>Nadine F. \u2013 Eigent\u00fcmer<\/b><\/p>\n<\/div><\/div><\/div><\/div><\/div><\/div><\/div><\/section><section class=\"l-section wpb_row us_custom_4fb9e5a3 height_full valign_center\" id=\"ueberuns\"><div class=\"l-section-h i-cf\"><div class=\"g-cols vc_row type_default valign_top\"><div class=\"vc_col-sm-6 wpb_column vc_column_container\"><div class=\"vc_column-inner\"><div class=\"wpb_wrapper\"><div class=\"w-image style_shadow-1 align_left meta_simple\"><div class=\"w-image-h\"><img loading=\"lazy\" decoding=\"async\" width=\"623\" height=\"276\" src=\"https:\/\/kiwi-immo.com\/unser-service\/wp-content\/uploads\/sites\/3\/2019\/07\/2.jpg\" class=\"attachment-us_623_0 size-us_623_0\" alt=\"\" srcset=\"https:\/\/kiwi-immo.com\/unser-service\/wp-content\/uploads\/sites\/3\/2019\/07\/2.jpg 2353w, https:\/\/kiwi-immo.com\/unser-service\/wp-content\/uploads\/sites\/3\/2019\/07\/2-300x133.jpg 300w, https:\/\/kiwi-immo.com\/unser-service\/wp-content\/uploads\/sites\/3\/2019\/07\/2-1024x454.jpg 1024w, https:\/\/kiwi-immo.com\/unser-service\/wp-content\/uploads\/sites\/3\/2019\/07\/2-667x296.jpg 667w\" sizes=\"auto, (max-width: 623px) 100vw, 623px\" \/><\/div><div class=\"w-image-meta\"><div class=\"w-image-title\">KiWi-Immobilien<\/div><\/div><\/div><\/div><\/div><\/div><div class=\"vc_col-sm-6 wpb_column vc_column_container\"><div class=\"vc_column-inner\"><div class=\"wpb_wrapper\"><div class=\"wpb_text_column\" ><div class=\"wpb_wrapper\"><h2>Zu hoch oder zu niedrig \u2013 beides ist sch\u00e4dlich!<\/h2>\n<p>Was erwartet Sie, wenn Sie Ihre Immobilie mit einer zu hoch angesetzten Preisvorstellung anbieten? Ernsthafte Interessenten werden die Preisentwicklung mit Kalk\u00fcl abwarten. Ist die Immobile lange Zeit so nicht zu verkaufen, erh\u00f6ht sich die Gefahr, dass der letztlich realisierbare Verkaufserl\u00f6s unter den eigentlichen Marktwert f\u00e4llt. Rennen Ihnen die K\u00e4ufer sprichw\u00f6rtlich alle T\u00fcren ein, l\u00e4uft auch etwas falsch: Dann d\u00fcrfte Ihr Preis zu g\u00fcnstig sein.<\/p>\n<p>Der bestm\u00f6gliche Angebotspreis muss von Beginn an \u2013 innerhalb einer marktgerechten Bandbreite \u2013 richtig angesetzt sein. Stellen Sie sich einfach die Frage: Will ich innerhalb einer \u00fcberschaubaren Zeit erfolgreich verkaufen oder kommt es nicht so genau drauf an? Wenn Sie es mit Ihrem Verkaufserfolg wirklich ernst meinen, dann braucht Ihre Immobilie von Anfang an den richtigen Preis.<\/p>\n<p>Anhand unserer fundierten Marktpreisermittlung berechnen wir f\u00fcr Sie, bei welchem Preis Ihre Immobilie die besten Verkaufschancen hat. Und zwar schwarz auf wei\u00df. Es geht um Ihr Geld und Ihre Sicherheit. Wir sch\u00fctzen Sie vor Risiken, die Sie heute noch gar nicht kennen. Sprechen Sie jetzt mit uns. Wir freuen uns auf Sie.<\/p>\n<p>Herzlich,<br \/>\nIhr Jan Kinnen<br \/>\nKiWi Immobilien Leverkusen<\/p>\n<\/div><\/div><div class=\"w-scroller style_3 pos_right\" aria-hidden=\"true\" data-speed=\"700\" data-disablewidth=\"767\"><div class=\"w-scroller-dots\"><a href=\"javascript:void(0);\" tabindex=\"-1\" class=\"w-scroller-dot\"><span style=\"font-size:10px;\"><\/span><\/a><\/div><\/div><\/div><\/div><\/div><\/div><\/div><\/section>\n","protected":false},"excerpt":{"rendered":"Ihre Immobilie braucht den richtigen Preis Der Kaufpreis Ihrer Immobilie h\u00e4ngt von vielen Faktoren ab. Wir sind mit dem Immobilienmarkt in Leverkusen und dem Umland bestens vertraut und kennen alle aktuellen Trends. Profitieren auch Sie von unserem Know How. Unsere Immobilienbewertung errechnet f\u00fcr Sie den optimalen Angebotspreis Ihrer Immobilie. Probieren Sie es einfach aus. F\u00fcr...","protected":false},"author":1,"featured_media":0,"parent":0,"menu_order":0,"comment_status":"closed","ping_status":"closed","template":"","meta":{"footnotes":""},"class_list":["post-14633","page","type-page","status-publish","hentry"],"_links":{"self":[{"href":"https:\/\/kiwi-immo.com\/unser-service\/wp-json\/wp\/v2\/pages\/14633","targetHints":{"allow":["GET"]}}],"collection":[{"href":"https:\/\/kiwi-immo.com\/unser-service\/wp-json\/wp\/v2\/pages"}],"about":[{"href":"https:\/\/kiwi-immo.com\/unser-service\/wp-json\/wp\/v2\/types\/page"}],"author":[{"embeddable":true,"href":"https:\/\/kiwi-immo.com\/unser-service\/wp-json\/wp\/v2\/users\/1"}],"replies":[{"embeddable":true,"href":"https:\/\/kiwi-immo.com\/unser-service\/wp-json\/wp\/v2\/comments?post=14633"}],"version-history":[{"count":15,"href":"https:\/\/kiwi-immo.com\/unser-service\/wp-json\/wp\/v2\/pages\/14633\/revisions"}],"predecessor-version":[{"id":14854,"href":"https:\/\/kiwi-immo.com\/unser-service\/wp-json\/wp\/v2\/pages\/14633\/revisions\/14854"}],"wp:attachment":[{"href":"https:\/\/kiwi-immo.com\/unser-service\/wp-json\/wp\/v2\/media?parent=14633"}],"curies":[{"name":"wp","href":"https:\/\/api.w.org\/{rel}","templated":true}]}}