{"id":32,"date":"2019-05-13T16:49:01","date_gmt":"2019-05-13T14:49:01","guid":{"rendered":"https:\/\/www.kiwi-immo.com\/leverkusen\/?page_id=32"},"modified":"2024-07-25T12:38:32","modified_gmt":"2024-07-25T10:38:32","slug":"team","status":"publish","type":"page","link":"https:\/\/kiwi-immo.com\/leverkusen\/team\/","title":{"rendered":"Team"},"content":{"rendered":"<section class=\"l-section wpb_row height_small\"><div class=\"l-section-h i-cf\"><div class=\"g-cols vc_row type_default valign_top\"><div class=\"vc_col-sm-3 wpb_column vc_column_container\"><div class=\"vc_column-inner\"><div class=\"wpb_wrapper\"><div class=\"w-image us_custom_607973df align_none meta_simple\"><div class=\"w-image-h\"><img loading=\"lazy\" decoding=\"async\" width=\"300\" height=\"450\" src=\"https:\/\/kiwi-immo.com\/leverkusen\/wp-content\/uploads\/sites\/2\/2019\/05\/Jan-Kinnen-300x450.jpg\" class=\"attachment-us_300_450_crop size-us_300_450_crop\" alt=\"Jan Kinnen\" srcset=\"https:\/\/kiwi-immo.com\/leverkusen\/wp-content\/uploads\/sites\/2\/2019\/05\/Jan-Kinnen-300x450.jpg 300w, https:\/\/kiwi-immo.com\/leverkusen\/wp-content\/uploads\/sites\/2\/2019\/05\/Jan-Kinnen-200x300.jpg 200w, https:\/\/kiwi-immo.com\/leverkusen\/wp-content\/uploads\/sites\/2\/2019\/05\/Jan-Kinnen-683x1024.jpg 683w, https:\/\/kiwi-immo.com\/leverkusen\/wp-content\/uploads\/sites\/2\/2019\/05\/Jan-Kinnen-1025x1536.jpg 1025w, https:\/\/kiwi-immo.com\/leverkusen\/wp-content\/uploads\/sites\/2\/2019\/05\/Jan-Kinnen-1367x2048.jpg 1367w, https:\/\/kiwi-immo.com\/leverkusen\/wp-content\/uploads\/sites\/2\/2019\/05\/Jan-Kinnen-670x1004.jpg 670w, https:\/\/kiwi-immo.com\/leverkusen\/wp-content\/uploads\/sites\/2\/2019\/05\/Jan-Kinnen-1300x1948.jpg 1300w, https:\/\/kiwi-immo.com\/leverkusen\/wp-content\/uploads\/sites\/2\/2019\/05\/Jan-Kinnen-601x900.jpg 601w, https:\/\/kiwi-immo.com\/leverkusen\/wp-content\/uploads\/sites\/2\/2019\/05\/Jan-Kinnen-53x80.jpg 53w, https:\/\/kiwi-immo.com\/leverkusen\/wp-content\/uploads\/sites\/2\/2019\/05\/Jan-Kinnen-260x390.jpg 260w, https:\/\/kiwi-immo.com\/leverkusen\/wp-content\/uploads\/sites\/2\/2019\/05\/Jan-Kinnen-317x475.jpg 317w, https:\/\/kiwi-immo.com\/leverkusen\/wp-content\/uploads\/sites\/2\/2019\/05\/Jan-Kinnen-127x190.jpg 127w, https:\/\/kiwi-immo.com\/leverkusen\/wp-content\/uploads\/sites\/2\/2019\/05\/Jan-Kinnen.jpg 1633w\" sizes=\"auto, (max-width: 300px) 100vw, 300px\" \/><\/div><div class=\"w-image-meta\"><div class=\"w-image-title\">Jan Kinnen<\/div><\/div><\/div><\/div><\/div><\/div><div class=\"vc_col-sm-9 wpb_column vc_column_container\"><div class=\"vc_column-inner\"><div class=\"wpb_wrapper\"><div class=\"wpb_text_column\" ><div class=\"wpb_wrapper\"><h1 class=\"U2\">Immobilienmakler &#8211; Jan Kinnen<\/h1>\n<p><em>&#8222;Der reine Wahnsinn ist es, alles beim Alten zu lassen und gleichzeitig darauf zu hoffen, dass sich etwas \u00e4ndert.&#8220;<\/em><\/p>\n<p>So oder zumindest so \u00e4hnlich dr\u00fcckte Albert Einstein einst seine Gedanken dar\u00fcber aus, was mitunter Zeitgenossen dazu animiert, unt\u00e4tig darauf zu hoffen, dass ihnen Gl\u00fcck wiederf\u00e4hrt.<\/p>\n<p>Ich arbeite seit 2010 als selbst\u00e4ndiger Immobilienmakler und habe dadurch einen nahezu kompletten \u00dcberblick \u00fcber den Immobilienmarkt. Die Leidenschaft zur Immobilie, ein gutes Expertennetzwerk und mein Verhandlungsgeschick stelle ich in Ihre Dienste.<\/p>\n<p>Durch die Gr\u00fcndung der Firma KiWi Immobilien in Bietigheim \u2013 Bissingen, Baden-W\u00fcrttemberg habe ich gemeinsam mit dem Immobilienexperten Alexander Wild einen Zusammenschluss vollzogen, der unsere hohen Qualit\u00e4tsstandards gew\u00e4hrleistet und die bestm\u00f6gliche Umsetzung von Kundenanforderungen sicherstellt. KiWi Immobilien bietet Ihnen aufgrund seiner Erfahrung und dank der Kompetenz ausgew\u00e4hlter Partner einen umfassenden Service, der weit \u00fcber den Kauf und Verkauf von Immobilien hinausgeht. 2014 er\u00f6ffneten wir unser zweites B\u00fcro in Leverkusen.<\/p>\n<p>Haben Sie also Fragen rund um das Thema Immobilien, kontaktieren Sie mich. Ich freue mich darauf Sie kennen zu lernen und f\u00fcr Sie da zu sein.<\/p>\n<p>Ihr Jan Kinnen<\/p>\n<\/div><\/div><\/div><\/div><\/div><\/div><\/div><\/section><section class=\"l-section wpb_row height_small\"><div class=\"l-section-h i-cf\"><div class=\"g-cols vc_row type_default valign_top\"><div class=\"vc_col-sm-9 wpb_column vc_column_container\"><div class=\"vc_column-inner\"><div class=\"wpb_wrapper\"><div class=\"wpb_text_column\" ><div class=\"wpb_wrapper\"><h2>Immobilienmakler &#8211; Stephan Kremmers<\/h2>\n<p>Ihr kompetenter Immobilienmakler in und um Leverkusen. Sie m\u00f6chten Ihre Immobilie verkaufen? Dann aber bitte zum bestm\u00f6glichen Preis!<\/p>\n<p>Gut und ehrlich beraten<\/p>\n<p>Ich arbeite seit 2010 als selbst\u00e4ndiger Immobilienmakler und habe dadurch einen nahezu kompletten \u00dcberblick \u00fcber den Immobilienmarkt. Die Leidenschaft zur Immobilie, ein gutes Expertennetzwerk und mein Verhandlungsgeschick stelle ich in Ihre Dienste.<\/p>\n<p>Seit 2003 bin ich als selbst\u00e4ndiger Immobilien- und Finanzmakler in Leverkusen und Umgebung t\u00e4tig und lege dabei gr\u00f6\u00dften Wert auf zufriedene Mandanten, denn nur wer zufrieden ist empfiehlt unsere Dienstleistung weiter. Durch meine langj\u00e4hrige T\u00e4tigkeit kann ich Ihnen den n\u00f6tigen \u00dcberblick im sich st\u00e4ndig ver\u00e4ndernden Immobilienmarkt verschaffen und finde f\u00fcr Sie den passenden K\u00e4ufer zu einem fairen Preis.<\/p>\n<p>Haben Sie also Fragen rund um das Thema Immobilien, kontaktieren Sie mich. Ich freue mich darauf Sie kennen zu lernen und f\u00fcr Sie da zu sein.<\/p>\n<p>Ihr Stephan Kremmers<\/p>\n<\/div><\/div><\/div><\/div><\/div><div class=\"vc_col-sm-3 wpb_column vc_column_container\"><div class=\"vc_column-inner\"><div class=\"wpb_wrapper\"><div class=\"w-image us_custom_607973df align_none meta_simple\"><div class=\"w-image-h\"><img loading=\"lazy\" decoding=\"async\" width=\"300\" height=\"450\" src=\"https:\/\/kiwi-immo.com\/leverkusen\/wp-content\/uploads\/sites\/2\/2019\/05\/Stephan-Kremmers-300x450.jpg\" class=\"attachment-us_300_450_crop size-us_300_450_crop\" alt=\"Stephan Kremmers\" srcset=\"https:\/\/kiwi-immo.com\/leverkusen\/wp-content\/uploads\/sites\/2\/2019\/05\/Stephan-Kremmers-300x450.jpg 300w, https:\/\/kiwi-immo.com\/leverkusen\/wp-content\/uploads\/sites\/2\/2019\/05\/Stephan-Kremmers-200x300.jpg 200w, https:\/\/kiwi-immo.com\/leverkusen\/wp-content\/uploads\/sites\/2\/2019\/05\/Stephan-Kremmers-683x1024.jpg 683w, https:\/\/kiwi-immo.com\/leverkusen\/wp-content\/uploads\/sites\/2\/2019\/05\/Stephan-Kremmers-1025x1536.jpg 1025w, https:\/\/kiwi-immo.com\/leverkusen\/wp-content\/uploads\/sites\/2\/2019\/05\/Stephan-Kremmers-1367x2048.jpg 1367w, https:\/\/kiwi-immo.com\/leverkusen\/wp-content\/uploads\/sites\/2\/2019\/05\/Stephan-Kremmers-670x1004.jpg 670w, https:\/\/kiwi-immo.com\/leverkusen\/wp-content\/uploads\/sites\/2\/2019\/05\/Stephan-Kremmers-1300x1948.jpg 1300w, https:\/\/kiwi-immo.com\/leverkusen\/wp-content\/uploads\/sites\/2\/2019\/05\/Stephan-Kremmers-601x900.jpg 601w, https:\/\/kiwi-immo.com\/leverkusen\/wp-content\/uploads\/sites\/2\/2019\/05\/Stephan-Kremmers-53x80.jpg 53w, https:\/\/kiwi-immo.com\/leverkusen\/wp-content\/uploads\/sites\/2\/2019\/05\/Stephan-Kremmers-260x390.jpg 260w, https:\/\/kiwi-immo.com\/leverkusen\/wp-content\/uploads\/sites\/2\/2019\/05\/Stephan-Kremmers-317x475.jpg 317w, https:\/\/kiwi-immo.com\/leverkusen\/wp-content\/uploads\/sites\/2\/2019\/05\/Stephan-Kremmers-127x190.jpg 127w, https:\/\/kiwi-immo.com\/leverkusen\/wp-content\/uploads\/sites\/2\/2019\/05\/Stephan-Kremmers.jpg 1633w\" sizes=\"auto, (max-width: 300px) 100vw, 300px\" \/><\/div><div class=\"w-image-meta\"><div class=\"w-image-title\">Stephan Kremmers<\/div><\/div><\/div><\/div><\/div><\/div><\/div><\/div><\/section><section class=\"l-section wpb_row height_small\"><div class=\"l-section-h i-cf\"><div class=\"g-cols vc_row type_default valign_top\"><div class=\"vc_col-sm-3 wpb_column vc_column_container\"><div class=\"vc_column-inner\"><div class=\"wpb_wrapper\"><div class=\"w-image us_custom_607973df align_none meta_simple\"><div class=\"w-image-h\"><img loading=\"lazy\" decoding=\"async\" width=\"300\" height=\"450\" src=\"https:\/\/kiwi-immo.com\/leverkusen\/wp-content\/uploads\/sites\/2\/2019\/05\/Leonard-Krahforst-300x450.jpg\" class=\"attachment-us_300_450_crop size-us_300_450_crop\" alt=\"Leonard Krahforst\" srcset=\"https:\/\/kiwi-immo.com\/leverkusen\/wp-content\/uploads\/sites\/2\/2019\/05\/Leonard-Krahforst-300x450.jpg 300w, https:\/\/kiwi-immo.com\/leverkusen\/wp-content\/uploads\/sites\/2\/2019\/05\/Leonard-Krahforst-200x300.jpg 200w, https:\/\/kiwi-immo.com\/leverkusen\/wp-content\/uploads\/sites\/2\/2019\/05\/Leonard-Krahforst-683x1024.jpg 683w, https:\/\/kiwi-immo.com\/leverkusen\/wp-content\/uploads\/sites\/2\/2019\/05\/Leonard-Krahforst-1025x1536.jpg 1025w, https:\/\/kiwi-immo.com\/leverkusen\/wp-content\/uploads\/sites\/2\/2019\/05\/Leonard-Krahforst-1367x2048.jpg 1367w, https:\/\/kiwi-immo.com\/leverkusen\/wp-content\/uploads\/sites\/2\/2019\/05\/Leonard-Krahforst-670x1004.jpg 670w, https:\/\/kiwi-immo.com\/leverkusen\/wp-content\/uploads\/sites\/2\/2019\/05\/Leonard-Krahforst-1300x1948.jpg 1300w, https:\/\/kiwi-immo.com\/leverkusen\/wp-content\/uploads\/sites\/2\/2019\/05\/Leonard-Krahforst-601x900.jpg 601w, https:\/\/kiwi-immo.com\/leverkusen\/wp-content\/uploads\/sites\/2\/2019\/05\/Leonard-Krahforst-53x80.jpg 53w, https:\/\/kiwi-immo.com\/leverkusen\/wp-content\/uploads\/sites\/2\/2019\/05\/Leonard-Krahforst-260x390.jpg 260w, https:\/\/kiwi-immo.com\/leverkusen\/wp-content\/uploads\/sites\/2\/2019\/05\/Leonard-Krahforst-317x475.jpg 317w, https:\/\/kiwi-immo.com\/leverkusen\/wp-content\/uploads\/sites\/2\/2019\/05\/Leonard-Krahforst-127x190.jpg 127w, https:\/\/kiwi-immo.com\/leverkusen\/wp-content\/uploads\/sites\/2\/2019\/05\/Leonard-Krahforst.jpg 1633w\" sizes=\"auto, (max-width: 300px) 100vw, 300px\" \/><\/div><div class=\"w-image-meta\"><div class=\"w-image-title\">Leonard Krahforst<\/div><\/div><\/div><\/div><\/div><\/div><div class=\"vc_col-sm-9 wpb_column vc_column_container\"><div class=\"vc_column-inner\"><div class=\"wpb_wrapper\"><div class=\"wpb_text_column\" ><div class=\"wpb_wrapper\"><h2>Immobilienmakler &#8211; Leonard Krahforst<\/h2>\n<p>Wohnen hat f\u00fcr uns heute mehr denn je mit Wohlbefinden und Geborgenheit zu tun. Sch\u00f6n und gepflegt wohnen kann auch Ausdruck von Selbstwertsch\u00e4tzung sein.<\/p>\n<p>Als lokaler Immobilienmakler konzentriere ich mich auf den Gro\u00dfraum Leverkusen, D\u00fcsseldorf, K\u00f6ln und Bergisch Gladbach.<\/p>\n<p>Mit geb\u00fcndelten Aktivit\u00e4ten kann Ich meine St\u00e4rken gezielt und effizient auf dem Gebiet der Immo\u00adbilien\u00advermittlung f\u00fcr Sie einsetzen. So kommen wir gemeinsam schnell und wirtschaftlich an Ihr Ziel. Verantwortung und Respekt meinen Kunden gegen\u00fcber, ihnen stets auf Augenh\u00f6he zu begegnen, sowie die pers\u00f6nliche Disziplin und Motivation, tragen dazu bei, dass Ich meinen Maklerservice mit konstant hoher Qualit\u00e4t anbiete.<\/p>\n<p>Zu meiner Person, Geboren 1983 in Opladen und seitdem ans\u00e4ssig im Opladener Zentrum. Durch das Familienunternehmen, welches sich auf Immobilien spezialisiert hat, habe ich schon fr\u00fch meine Leidenschaft f\u00fcr Immobilien entdeckt. Als von der IHK anerkannter Immobilienmakler, seit 2010 selbstst\u00e4ndiger Makler und seit 2015 der Fa. Kiwi angebunden, bilden Traditionelle Werte wie Zuverl\u00e4ssigkeit und Verantwortungsbewusstsein die Basis meiner Arbeit. Oft werden die Objekte der Begierde bei uns im vorgemerkten Kundenkreis vermittelt, ohne, dass sie \u00f6ffentlich sichtbar werden. Darum ist es mir wichtig, Sie und Ihre W\u00fcnsche kennenzulernen. Ich berate Sie bei Ihrer Suche und informiere Sie kontinuierlich \u00fcber aktuelle passende Angebote. Ich bedanke mich bei allen bisherigen Kunden f\u00fcr ihre Treue und zuk\u00fcnftigen Kunden f\u00fcr das Vertrauen, das mir entgegengebracht wird. Anregungen und konstruktive Kritik nehme Ich gerne entgegen.<\/p>\n<p>Ihr Leonard Krahforst<\/p>\n<\/div><\/div><\/div><\/div><\/div><\/div><\/div><\/section>\n","protected":false},"excerpt":{"rendered":"Jan KinnenImmobilienmakler &#8211; Jan Kinnen &#8222;Der reine Wahnsinn ist es, alles beim Alten zu lassen und gleichzeitig darauf zu hoffen, dass sich etwas \u00e4ndert.&#8220; So oder zumindest so \u00e4hnlich dr\u00fcckte Albert Einstein einst seine Gedanken dar\u00fcber aus, was mitunter Zeitgenossen dazu animiert, unt\u00e4tig darauf zu hoffen, dass ihnen Gl\u00fcck wiederf\u00e4hrt. Ich arbeite seit 2010 als...","protected":false},"author":2,"featured_media":0,"parent":0,"menu_order":0,"comment_status":"closed","ping_status":"closed","template":"","meta":{"footnotes":""},"class_list":["post-32","page","type-page","status-publish","hentry"],"yoast_head":"<!-- This site is optimized with the Yoast SEO plugin v27.6 - https:\/\/yoast.com\/product\/yoast-seo-wordpress\/ -->\n<title>Immobilienmakler Leverkusen - Das Team von KiWi Immobilien<\/title>\n<meta name=\"description\" content=\"Wenn Sie beim Verkauf Ihrer Immobilie das optimale Ergebnis erzielen wollen, dann sprechen Sie jetzt mit uns. Profitieren Sie von unserer Markt-Expertise.\" \/>\n<meta name=\"robots\" content=\"index, follow, max-snippet:-1, max-image-preview:large, max-video-preview:-1\" \/>\n<link rel=\"canonical\" href=\"https:\/\/kiwi-immo.com\/leverkusen\/team\/\" \/>\n<meta property=\"og:locale\" content=\"de_DE\" \/>\n<meta property=\"og:type\" content=\"article\" \/>\n<meta property=\"og:title\" content=\"KiWi Immobilien Leverkusen - Unser Team\" \/>\n<meta property=\"og:description\" content=\"Wenn Sie beim Verkauf Ihrer Immobilie das optimale Ergebnis erzielen wollen, dann sprechen Sie jetzt mit uns. Profitieren Sie von unserer Markt-Expertise.\" \/>\n<meta property=\"og:url\" content=\"https:\/\/kiwi-immo.com\/leverkusen\/team\/\" \/>\n<meta property=\"og:site_name\" content=\"Immobilienmakler Leverkusen\" \/>\n<meta property=\"article:modified_time\" content=\"2024-07-25T10:38:32+00:00\" \/>\n<meta property=\"og:image\" content=\"https:\/\/kiwi-immo.com\/leverkusen\/wp-content\/uploads\/sites\/2\/2019\/05\/logo.png\" \/>\n\t<meta property=\"og:image:width\" content=\"260\" \/>\n\t<meta property=\"og:image:height\" content=\"121\" \/>\n\t<meta property=\"og:image:type\" content=\"image\/png\" \/>\n<meta name=\"twitter:card\" content=\"summary_large_image\" \/>\n<meta name=\"twitter:title\" content=\"KiWi Immobilien Leverkusen - Unser Team\" \/>\n<meta name=\"twitter:description\" content=\"Wenn Sie beim Verkauf Ihrer Immobilie das optimale Ergebnis erzielen wollen, dann sprechen Sie jetzt mit uns. Profitieren Sie von unserer Markt-Expertise.\" \/>\n<meta name=\"twitter:image\" content=\"https:\/\/kiwi-immo.com\/leverkusen\/wp-content\/uploads\/sites\/2\/2019\/05\/logo.png\" \/>\n<meta name=\"twitter:label1\" content=\"Gesch\u00e4tzte Lesezeit\" \/>\n\t<meta name=\"twitter:data1\" content=\"5\u00a0Minuten\" \/>\n<script type=\"application\/ld+json\" class=\"yoast-schema-graph\">{\"@context\":\"https:\\\/\\\/schema.org\",\"@graph\":[{\"@type\":\"WebPage\",\"@id\":\"https:\\\/\\\/kiwi-immo.com\\\/leverkusen\\\/team\\\/\",\"url\":\"https:\\\/\\\/kiwi-immo.com\\\/leverkusen\\\/team\\\/\",\"name\":\"Immobilienmakler Leverkusen - Das Team von KiWi Immobilien\",\"isPartOf\":{\"@id\":\"https:\\\/\\\/kiwi-immo.com\\\/leverkusen\\\/#website\"},\"datePublished\":\"2019-05-13T14:49:01+00:00\",\"dateModified\":\"2024-07-25T10:38:32+00:00\",\"description\":\"Wenn Sie beim Verkauf Ihrer Immobilie das optimale Ergebnis erzielen wollen, dann sprechen Sie jetzt mit uns. Profitieren Sie von unserer Markt-Expertise.\",\"breadcrumb\":{\"@id\":\"https:\\\/\\\/kiwi-immo.com\\\/leverkusen\\\/team\\\/#breadcrumb\"},\"inLanguage\":\"de\",\"potentialAction\":[{\"@type\":\"ReadAction\",\"target\":[\"https:\\\/\\\/kiwi-immo.com\\\/leverkusen\\\/team\\\/\"]}]},{\"@type\":\"BreadcrumbList\",\"@id\":\"https:\\\/\\\/kiwi-immo.com\\\/leverkusen\\\/team\\\/#breadcrumb\",\"itemListElement\":[{\"@type\":\"ListItem\",\"position\":1,\"name\":\"Startseite\",\"item\":\"https:\\\/\\\/kiwi-immo.com\\\/leverkusen\\\/\"},{\"@type\":\"ListItem\",\"position\":2,\"name\":\"Team\"}]},{\"@type\":\"WebSite\",\"@id\":\"https:\\\/\\\/kiwi-immo.com\\\/leverkusen\\\/#website\",\"url\":\"https:\\\/\\\/kiwi-immo.com\\\/leverkusen\\\/\",\"name\":\"Immobilienmakler Leverkusen\",\"description\":\"KiWi Immobilien Leverkusen\",\"publisher\":{\"@id\":\"https:\\\/\\\/kiwi-immo.com\\\/leverkusen\\\/#organization\"},\"potentialAction\":[{\"@type\":\"SearchAction\",\"target\":{\"@type\":\"EntryPoint\",\"urlTemplate\":\"https:\\\/\\\/kiwi-immo.com\\\/leverkusen\\\/?s={search_term_string}\"},\"query-input\":{\"@type\":\"PropertyValueSpecification\",\"valueRequired\":true,\"valueName\":\"search_term_string\"}}],\"inLanguage\":\"de\"},{\"@type\":\"Organization\",\"@id\":\"https:\\\/\\\/kiwi-immo.com\\\/leverkusen\\\/#organization\",\"name\":\"KiWi Immobilien Leverkusen\",\"url\":\"https:\\\/\\\/kiwi-immo.com\\\/leverkusen\\\/\",\"logo\":{\"@type\":\"ImageObject\",\"inLanguage\":\"de\",\"@id\":\"https:\\\/\\\/kiwi-immo.com\\\/leverkusen\\\/#\\\/schema\\\/logo\\\/image\\\/\",\"url\":\"https:\\\/\\\/kiwi-immo.com\\\/leverkusen\\\/wp-content\\\/uploads\\\/sites\\\/2\\\/2019\\\/05\\\/logo.png\",\"contentUrl\":\"https:\\\/\\\/kiwi-immo.com\\\/leverkusen\\\/wp-content\\\/uploads\\\/sites\\\/2\\\/2019\\\/05\\\/logo.png\",\"width\":260,\"height\":121,\"caption\":\"KiWi Immobilien Leverkusen\"},\"image\":{\"@id\":\"https:\\\/\\\/kiwi-immo.com\\\/leverkusen\\\/#\\\/schema\\\/logo\\\/image\\\/\"}}]}<\/script>\n<!-- \/ Yoast SEO plugin. -->","yoast_head_json":{"title":"Immobilienmakler Leverkusen - Das Team von KiWi Immobilien","description":"Wenn Sie beim Verkauf Ihrer Immobilie das optimale Ergebnis erzielen wollen, dann sprechen Sie jetzt mit uns. Profitieren Sie von unserer Markt-Expertise.","robots":{"index":"index","follow":"follow","max-snippet":"max-snippet:-1","max-image-preview":"max-image-preview:large","max-video-preview":"max-video-preview:-1"},"canonical":"https:\/\/kiwi-immo.com\/leverkusen\/team\/","og_locale":"de_DE","og_type":"article","og_title":"KiWi Immobilien Leverkusen - Unser Team","og_description":"Wenn Sie beim Verkauf Ihrer Immobilie das optimale Ergebnis erzielen wollen, dann sprechen Sie jetzt mit uns. Profitieren Sie von unserer Markt-Expertise.","og_url":"https:\/\/kiwi-immo.com\/leverkusen\/team\/","og_site_name":"Immobilienmakler Leverkusen","article_modified_time":"2024-07-25T10:38:32+00:00","og_image":[{"width":260,"height":121,"url":"https:\/\/kiwi-immo.com\/leverkusen\/wp-content\/uploads\/sites\/2\/2019\/05\/logo.png","type":"image\/png"}],"twitter_card":"summary_large_image","twitter_title":"KiWi Immobilien Leverkusen - Unser Team","twitter_description":"Wenn Sie beim Verkauf Ihrer Immobilie das optimale Ergebnis erzielen wollen, dann sprechen Sie jetzt mit uns. Profitieren Sie von unserer Markt-Expertise.","twitter_image":"https:\/\/kiwi-immo.com\/leverkusen\/wp-content\/uploads\/sites\/2\/2019\/05\/logo.png","twitter_misc":{"Gesch\u00e4tzte Lesezeit":"5\u00a0Minuten"},"schema":{"@context":"https:\/\/schema.org","@graph":[{"@type":"WebPage","@id":"https:\/\/kiwi-immo.com\/leverkusen\/team\/","url":"https:\/\/kiwi-immo.com\/leverkusen\/team\/","name":"Immobilienmakler Leverkusen - Das Team von KiWi Immobilien","isPartOf":{"@id":"https:\/\/kiwi-immo.com\/leverkusen\/#website"},"datePublished":"2019-05-13T14:49:01+00:00","dateModified":"2024-07-25T10:38:32+00:00","description":"Wenn Sie beim Verkauf Ihrer Immobilie das optimale Ergebnis erzielen wollen, dann sprechen Sie jetzt mit uns. Profitieren Sie von unserer Markt-Expertise.","breadcrumb":{"@id":"https:\/\/kiwi-immo.com\/leverkusen\/team\/#breadcrumb"},"inLanguage":"de","potentialAction":[{"@type":"ReadAction","target":["https:\/\/kiwi-immo.com\/leverkusen\/team\/"]}]},{"@type":"BreadcrumbList","@id":"https:\/\/kiwi-immo.com\/leverkusen\/team\/#breadcrumb","itemListElement":[{"@type":"ListItem","position":1,"name":"Startseite","item":"https:\/\/kiwi-immo.com\/leverkusen\/"},{"@type":"ListItem","position":2,"name":"Team"}]},{"@type":"WebSite","@id":"https:\/\/kiwi-immo.com\/leverkusen\/#website","url":"https:\/\/kiwi-immo.com\/leverkusen\/","name":"Immobilienmakler Leverkusen","description":"KiWi Immobilien Leverkusen","publisher":{"@id":"https:\/\/kiwi-immo.com\/leverkusen\/#organization"},"potentialAction":[{"@type":"SearchAction","target":{"@type":"EntryPoint","urlTemplate":"https:\/\/kiwi-immo.com\/leverkusen\/?s={search_term_string}"},"query-input":{"@type":"PropertyValueSpecification","valueRequired":true,"valueName":"search_term_string"}}],"inLanguage":"de"},{"@type":"Organization","@id":"https:\/\/kiwi-immo.com\/leverkusen\/#organization","name":"KiWi Immobilien Leverkusen","url":"https:\/\/kiwi-immo.com\/leverkusen\/","logo":{"@type":"ImageObject","inLanguage":"de","@id":"https:\/\/kiwi-immo.com\/leverkusen\/#\/schema\/logo\/image\/","url":"https:\/\/kiwi-immo.com\/leverkusen\/wp-content\/uploads\/sites\/2\/2019\/05\/logo.png","contentUrl":"https:\/\/kiwi-immo.com\/leverkusen\/wp-content\/uploads\/sites\/2\/2019\/05\/logo.png","width":260,"height":121,"caption":"KiWi Immobilien Leverkusen"},"image":{"@id":"https:\/\/kiwi-immo.com\/leverkusen\/#\/schema\/logo\/image\/"}}]}},"_links":{"self":[{"href":"https:\/\/kiwi-immo.com\/leverkusen\/wp-json\/wp\/v2\/pages\/32","targetHints":{"allow":["GET"]}}],"collection":[{"href":"https:\/\/kiwi-immo.com\/leverkusen\/wp-json\/wp\/v2\/pages"}],"about":[{"href":"https:\/\/kiwi-immo.com\/leverkusen\/wp-json\/wp\/v2\/types\/page"}],"author":[{"embeddable":true,"href":"https:\/\/kiwi-immo.com\/leverkusen\/wp-json\/wp\/v2\/users\/2"}],"replies":[{"embeddable":true,"href":"https:\/\/kiwi-immo.com\/leverkusen\/wp-json\/wp\/v2\/comments?post=32"}],"version-history":[{"count":11,"href":"https:\/\/kiwi-immo.com\/leverkusen\/wp-json\/wp\/v2\/pages\/32\/revisions"}],"predecessor-version":[{"id":5256,"href":"https:\/\/kiwi-immo.com\/leverkusen\/wp-json\/wp\/v2\/pages\/32\/revisions\/5256"}],"wp:attachment":[{"href":"https:\/\/kiwi-immo.com\/leverkusen\/wp-json\/wp\/v2\/media?parent=32"}],"curies":[{"name":"wp","href":"https:\/\/api.w.org\/{rel}","templated":true}]}}